{"id":414,"date":"2019-11-27T23:40:01","date_gmt":"2019-11-27T22:40:01","guid":{"rendered":"https:\/\/disruptivne.com\/?page_id=414"},"modified":"2019-12-05T14:57:11","modified_gmt":"2019-12-05T13:57:11","slug":"o-nas","status":"publish","type":"page","link":"https:\/\/disruptivne.com\/sk\/o-nas\/","title":{"rendered":"O n\u00e1s"},"content":{"rendered":"<p><div class=\"fusion-fullwidth fullwidth-box fusion-builder-row-1 nonhundred-percent-fullwidth non-hundred-percent-height-scrolling\" style=\"--awb-border-radius-top-left:0px;--awb-border-radius-top-right:0px;--awb-border-radius-bottom-right:0px;--awb-border-radius-bottom-left:0px;--awb-padding-bottom:40px;--awb-flex-wrap:wrap;\" ><div class=\"fusion-builder-row fusion-row\"><div class=\"fusion-layout-column fusion_builder_column fusion-builder-column-0 fusion_builder_column_2_5 2_5 fusion-two-fifth fusion-column-first fusion-animated\" style=\"--awb-bg-size:cover;width:40%;width:calc(40% - ( ( 4% ) * 0.4 ) );margin-right: 4%;\" data-animationType=\"fadeInLeft\" data-animationDuration=\"0.3\" data-animationOffset=\"top-into-view\"><div class=\"fusion-column-wrapper fusion-column-has-shadow fusion-flex-column-wrapper-legacy\"><div class=\"fusion-image-element in-legacy-container\" style=\"--awb-caption-title-font-family:var(--h2_typography-font-family);--awb-caption-title-font-weight:var(--h2_typography-font-weight);--awb-caption-title-font-style:var(--h2_typography-font-style);--awb-caption-title-size:var(--h2_typography-font-size);--awb-caption-title-transform:var(--h2_typography-text-transform);--awb-caption-title-line-height:var(--h2_typography-line-height);--awb-caption-title-letter-spacing:var(--h2_typography-letter-spacing);\"><span class=\" fusion-imageframe imageframe-none imageframe-1 hover-type-none\"><img decoding=\"async\" width=\"500\" height=\"500\" title=\"robert-durec\" src=\"https:\/\/disruptivne.com\/wp-content\/uploads\/2019\/11\/robert-durec.jpg\" alt class=\"img-responsive wp-image-419\" srcset=\"https:\/\/disruptivne.com\/wp-content\/uploads\/2019\/11\/robert-durec-200x200.jpg 200w, https:\/\/disruptivne.com\/wp-content\/uploads\/2019\/11\/robert-durec-400x400.jpg 400w, https:\/\/disruptivne.com\/wp-content\/uploads\/2019\/11\/robert-durec.jpg 500w\" sizes=\"(max-width: 900px) 100vw, 500px\" \/><\/span><\/div><div class=\"fusion-clearfix\"><\/div><\/div><\/div><div class=\"fusion-layout-column fusion_builder_column fusion-builder-column-1 fusion_builder_column_3_5 3_5 fusion-three-fifth fusion-column-last fusion-animated\" style=\"--awb-bg-size:cover;width:60%;width:calc(60% - ( ( 4% ) * 0.6 ) );\" data-animationType=\"fadeInRight\" data-animationDuration=\"0.3\" data-animationOffset=\"top-into-view\"><div class=\"fusion-column-wrapper fusion-column-has-shadow fusion-flex-column-wrapper-legacy\"><div class=\"fusion-title title fusion-title-1 fusion-sep-none fusion-title-text fusion-title-size-four\" style=\"--awb-text-color:#ff00ff;--awb-margin-bottom:10px;\"><h4 class=\"fusion-title-heading title-heading-left\" style=\"margin:0;\">VITAJTE<\/h4><\/div><div class=\"fusion-title title fusion-title-2 fusion-sep-none fusion-title-text fusion-title-size-one\"><h1 class=\"fusion-title-heading title-heading-left\" style=\"margin:0;\">P\u00c1R VIET O DISRUPTIVNE<\/h1><\/div><div class=\"fusion-text fusion-text-1\"><p><strong>P\u00e1r slov o DISRUPTIVNE<\/strong><\/p>\n<p>Sme t\u00edm mlad\u00fdch a kreat\u00edvnych IT profesion\u00e1lov s\u00a0inovat\u00edvnymi n\u00e1padmi. Pozn\u00e1me aj na\u010falej sk\u00famame svetov\u00e9 trendy. M\u00e1me v\u00edzie, ako svet bud\u00facnosti m\u00f4\u017ee vyzera\u0165. Vieme, \u017ee svet najviac zmenia pr\u00e1ve disrupt\u00edvne inov\u00e1cie. Disrupt\u00edvne inov\u00e1cie doteraz v\u017edy zmenili sp\u00f4sob \u017eivota \u013eud\u00ed na na\u0161ej plan\u00e9te. S\u00fa to napr\u00edklad vyn\u00e1lez benz\u00ednov\u00e9ho motora, prv\u00fd komer\u010dn\u00fd let lietadlom, \u010di rast a\u00a0rozmach Facebooku.<\/p>\n<p>Aj my chceme svetu prinies\u0165 disrupt\u00edvne inov\u00e1cie,\u00a0preto sme si dali slovo DISRUPTIVNE aj do n\u00e1zvu na\u0161ej spolo\u010dnosti. V\u00a0s\u00fa\u010dasnosti napr\u00edklad vytv\u00e1rame syst\u00e9my pre firemn\u00e9 a\u00a0osobn\u00e9 financie, aplik\u00e1ciu pre inovat\u00edvny mana\u017ement podujat\u00ed, syst\u00e9m blockchain tempomatu pre aut\u00e1, ako aj syst\u00e9m na in\u00fd sp\u00f4sob evaku\u00e1cie dia\u013eni\u010dn\u00fdch tunelov.<\/p>\n<p>&nbsp;<\/p>\n<p><strong>Zabezpe\u010dujeme IT slu\u017eby pre firemn\u00fdch z\u00e1kazn\u00edkov<\/strong><\/p>\n<ul>\n<li>reporting a business intelligence v Power BI,<\/li>\n<li>automatiz\u00e1cia pr\u00e1ce cez syst\u00e9m Wise<\/li>\n<li>Pohoda BI &#8211; automatizovan\u00e9 finan\u010dn\u00e9 preh\u013eady pre firmy so syst\u00e9mom Pohoda<\/li>\n<li>finan\u010dn\u00e9 a investi\u010dn\u00e9 kalkula\u010dky pre partnerov<\/li>\n<\/ul>\n<p><strong>Vytv\u00e1rame vlastn\u00e9 disrupt\u00edvne rie\u0161enia<\/strong><\/p>\n<ul>\n<li>s potenci\u00e1lom vysok\u00e9ho rastu<\/li>\n<\/ul>\n<p><strong>\u00a0<\/strong><\/p>\n<p><strong>Najviac pr\u00edle\u017eitost\u00ed vid\u00edme pr\u00e1ve v\u00a0IT. <\/strong>Preto je v\u00e4\u010d\u0161ina na\u0161ich rie\u0161en\u00ed prepojen\u00e1 s\u00a0IT.<\/p>\n<p><strong>Pon\u00fakame jedine\u010dn\u00e9 mo\u017enosti na investovanie. <\/strong>Na\u0161e produkty s\u00fa typu raz vytvor mnoho kr\u00e1t predaj. Podporujeme IT profesion\u00e1lov, ktor\u00ed maj\u00fa tak\u00e9to rie\u0161enia a\u00a0sme pre nich aj marketingovou a\u00a0obchodnou podporou. Preto vieme prinies\u0165 lep\u0161ie pas\u00edvne pr\u00edjmy pre IT profesion\u00e1lov, ako aj lep\u0161ie zhodnoti\u0165 peniaze investorom.<\/p>\n<p><strong>Sebarozvoj je jedine\u010dn\u00fd pilier na\u0161ej spolo\u010dnosti. <\/strong>Vieme, \u017ee \u0161\u0165astn\u00ed a\u00a0spokojn\u00ed \u013eudia s\u00fa aj viac produkt\u00edvni a\u00a0viac kreat\u00edvni. Preto vyu\u017e\u00edvame terapeutick\u00e9 pr\u00edstupy, aby na\u0161i \u013eudia a\u00a0partneri r\u00fdchlej\u0161ie r\u00e1stli.<\/p>\n<\/div><div class=\"fusion-clearfix\"><\/div><\/div><\/div><\/div><\/div><div class=\"fusion-fullwidth fullwidth-box fusion-builder-row-2 nonhundred-percent-fullwidth non-hundred-percent-height-scrolling\" style=\"--awb-border-radius-top-left:0px;--awb-border-radius-top-right:0px;--awb-border-radius-bottom-right:0px;--awb-border-radius-bottom-left:0px;--awb-margin-bottom:40px;--awb-flex-wrap:wrap;\" ><div class=\"fusion-builder-row fusion-row\"><div class=\"fusion-layout-column fusion_builder_column fusion-builder-column-2 fusion_builder_column_1_1 1_1 fusion-one-full fusion-column-first fusion-column-last\" style=\"--awb-bg-size:cover;\"><div class=\"fusion-column-wrapper fusion-column-has-shadow fusion-flex-column-wrapper-legacy\"><div class=\"fusion-title title fusion-title-3 fusion-title-center fusion-title-text fusion-title-size-one\" style=\"--awb-margin-bottom:10px;\"><div class=\"title-sep-container title-sep-container-left\"><div class=\"title-sep sep-single sep-solid\" style=\"border-color:#e0dede;\"><\/div><\/div><span class=\"awb-title-spacer\"><\/span><h1 class=\"fusion-title-heading title-heading-center\" style=\"margin:0;\">Objavte nov\u00fd svet pr\u00edle\u017eitost\u00ed<\/h1><span class=\"awb-title-spacer\"><\/span><div class=\"title-sep-container title-sep-container-right\"><div class=\"title-sep sep-single sep-solid\" style=\"border-color:#e0dede;\"><\/div><\/div><\/div><div class=\"fusion-clearfix\"><\/div><\/div><\/div><div class=\"fusion-layout-column fusion_builder_column fusion-builder-column-3 fusion_builder_column_1_3 1_3 fusion-one-third fusion-column-first\" style=\"--awb-bg-size:cover;width:33.333333333333%;width:calc(33.333333333333% - ( ( 4% + 4% ) * 0.33333333333333 ) );margin-right: 4%;\"><div class=\"fusion-column-wrapper fusion-column-has-shadow fusion-flex-column-wrapper-legacy\"><div class=\"fusion-aligncenter\"><a class=\"fusion-button button-flat fusion-button-default-size button-default fusion-button-default button-1 fusion-button-default-span fusion-button-default-type\" target=\"_self\" title=\"Objavte nov\u00fd svet pr\u00edle\u017eitost\u00ed\" aria-label=\"Objavte nov\u00fd svet pr\u00edle\u017eitost\u00ed\" href=\"https:\/\/disruptivne.com\/sk\/nase-riesenia\/it\/\"><i class=\"fa-database fas button-icon-left\" aria-hidden=\"true\"><\/i><span class=\"fusion-button-text\">IT<\/span><\/a><\/div><div class=\"fusion-clearfix\"><\/div><\/div><\/div><div class=\"fusion-layout-column fusion_builder_column fusion-builder-column-4 fusion_builder_column_1_3 1_3 fusion-one-third\" style=\"--awb-bg-size:cover;width:33.333333333333%;width:calc(33.333333333333% - ( ( 4% + 4% ) * 0.33333333333333 ) );margin-right: 4%;\"><div class=\"fusion-column-wrapper fusion-column-has-shadow fusion-flex-column-wrapper-legacy\"><div class=\"fusion-aligncenter\"><a class=\"fusion-button button-flat fusion-button-default-size button-default fusion-button-default button-2 fusion-button-default-span fusion-button-default-type\" target=\"_self\" href=\"https:\/\/disruptivne.com\/sk\/investicie\/\"><i class=\"fa-chart-line fas button-icon-left\" aria-hidden=\"true\"><\/i><span class=\"fusion-button-text\">Invest\u00edcie<\/span><\/a><\/div><div class=\"fusion-clearfix\"><\/div><\/div><\/div><div class=\"fusion-layout-column fusion_builder_column fusion-builder-column-5 fusion_builder_column_1_3 1_3 fusion-one-third fusion-column-last\" style=\"--awb-bg-size:cover;width:33.333333333333%;width:calc(33.333333333333% - ( ( 4% + 4% ) * 0.33333333333333 ) );\"><div class=\"fusion-column-wrapper fusion-column-has-shadow fusion-flex-column-wrapper-legacy\"><div class=\"fusion-aligncenter\"><a class=\"fusion-button button-flat fusion-button-default-size button-default fusion-button-default button-3 fusion-button-default-span fusion-button-default-type\" target=\"_self\" href=\"https:\/\/disruptivne.com\/sk\/nasa-siet\/kariera\/\"><i class=\"fa-user-tie fas button-icon-left\" aria-hidden=\"true\"><\/i><span class=\"fusion-button-text\">Kari\u00e9ra<\/span><\/a><\/div><div class=\"fusion-clearfix\"><\/div><\/div><\/div><\/div><\/div>\n\n<\/p>\n","protected":false},"excerpt":{"rendered":"","protected":false},"author":1,"featured_media":0,"parent":0,"menu_order":0,"comment_status":"closed","ping_status":"closed","template":"100-width.php","meta":{"footnotes":""},"yoast_head":"<!-- This site is optimized with the Yoast SEO plugin v22.8 - https:\/\/yoast.com\/wordpress\/plugins\/seo\/ -->\n<title>O n\u00e1s - disruptivne.com<\/title>\n<meta name=\"robots\" content=\"index, follow, max-snippet:-1, max-image-preview:large, max-video-preview:-1\" \/>\n<link rel=\"canonical\" href=\"https:\/\/disruptivne.com\/sk\/o-nas\/\" \/>\n<meta property=\"og:locale\" content=\"sk_SK\" \/>\n<meta property=\"og:type\" content=\"article\" \/>\n<meta property=\"og:title\" content=\"O n\u00e1s - disruptivne.com\" \/>\n<meta property=\"og:url\" content=\"https:\/\/disruptivne.com\/sk\/o-nas\/\" \/>\n<meta property=\"og:site_name\" content=\"disruptivne.com\" \/>\n<meta property=\"article:modified_time\" content=\"2019-12-05T13:57:11+00:00\" \/>\n<meta name=\"twitter:card\" content=\"summary_large_image\" \/>\n<meta name=\"twitter:label1\" content=\"Predpokladan\u00fd \u010das \u010d\u00edtania\" \/>\n\t<meta name=\"twitter:data1\" content=\"13 min\u00fat\" \/>\n<script type=\"application\/ld+json\" class=\"yoast-schema-graph\">{\"@context\":\"https:\/\/schema.org\",\"@graph\":[{\"@type\":\"WebPage\",\"@id\":\"https:\/\/disruptivne.com\/sk\/o-nas\/\",\"url\":\"https:\/\/disruptivne.com\/sk\/o-nas\/\",\"name\":\"O n\u00e1s - disruptivne.com\",\"isPartOf\":{\"@id\":\"https:\/\/disruptivne.com\/sk\/#website\"},\"datePublished\":\"2019-11-27T22:40:01+00:00\",\"dateModified\":\"2019-12-05T13:57:11+00:00\",\"breadcrumb\":{\"@id\":\"https:\/\/disruptivne.com\/sk\/o-nas\/#breadcrumb\"},\"inLanguage\":\"sk-SK\",\"potentialAction\":[{\"@type\":\"ReadAction\",\"target\":[\"https:\/\/disruptivne.com\/sk\/o-nas\/\"]}]},{\"@type\":\"BreadcrumbList\",\"@id\":\"https:\/\/disruptivne.com\/sk\/o-nas\/#breadcrumb\",\"itemListElement\":[{\"@type\":\"ListItem\",\"position\":1,\"name\":\"Home\",\"item\":\"https:\/\/disruptivne.com\/sk\/\"},{\"@type\":\"ListItem\",\"position\":2,\"name\":\"O n\u00e1s\"}]},{\"@type\":\"WebSite\",\"@id\":\"https:\/\/disruptivne.com\/sk\/#website\",\"url\":\"https:\/\/disruptivne.com\/sk\/\",\"name\":\"disruptivne.com\",\"description\":\"\",\"potentialAction\":[{\"@type\":\"SearchAction\",\"target\":{\"@type\":\"EntryPoint\",\"urlTemplate\":\"https:\/\/disruptivne.com\/sk\/?s={search_term_string}\"},\"query-input\":\"required name=search_term_string\"}],\"inLanguage\":\"sk-SK\"}]}<\/script>\n<!-- \/ Yoast SEO plugin. -->","yoast_head_json":{"title":"O n\u00e1s - disruptivne.com","robots":{"index":"index","follow":"follow","max-snippet":"max-snippet:-1","max-image-preview":"max-image-preview:large","max-video-preview":"max-video-preview:-1"},"canonical":"https:\/\/disruptivne.com\/sk\/o-nas\/","og_locale":"sk_SK","og_type":"article","og_title":"O n\u00e1s - disruptivne.com","og_url":"https:\/\/disruptivne.com\/sk\/o-nas\/","og_site_name":"disruptivne.com","article_modified_time":"2019-12-05T13:57:11+00:00","twitter_card":"summary_large_image","twitter_misc":{"Predpokladan\u00fd \u010das \u010d\u00edtania":"13 min\u00fat"},"schema":{"@context":"https:\/\/schema.org","@graph":[{"@type":"WebPage","@id":"https:\/\/disruptivne.com\/sk\/o-nas\/","url":"https:\/\/disruptivne.com\/sk\/o-nas\/","name":"O n\u00e1s - disruptivne.com","isPartOf":{"@id":"https:\/\/disruptivne.com\/sk\/#website"},"datePublished":"2019-11-27T22:40:01+00:00","dateModified":"2019-12-05T13:57:11+00:00","breadcrumb":{"@id":"https:\/\/disruptivne.com\/sk\/o-nas\/#breadcrumb"},"inLanguage":"sk-SK","potentialAction":[{"@type":"ReadAction","target":["https:\/\/disruptivne.com\/sk\/o-nas\/"]}]},{"@type":"BreadcrumbList","@id":"https:\/\/disruptivne.com\/sk\/o-nas\/#breadcrumb","itemListElement":[{"@type":"ListItem","position":1,"name":"Home","item":"https:\/\/disruptivne.com\/sk\/"},{"@type":"ListItem","position":2,"name":"O n\u00e1s"}]},{"@type":"WebSite","@id":"https:\/\/disruptivne.com\/sk\/#website","url":"https:\/\/disruptivne.com\/sk\/","name":"disruptivne.com","description":"","potentialAction":[{"@type":"SearchAction","target":{"@type":"EntryPoint","urlTemplate":"https:\/\/disruptivne.com\/sk\/?s={search_term_string}"},"query-input":"required name=search_term_string"}],"inLanguage":"sk-SK"}]}},"_links":{"self":[{"href":"https:\/\/disruptivne.com\/sk\/wp-json\/wp\/v2\/pages\/414"}],"collection":[{"href":"https:\/\/disruptivne.com\/sk\/wp-json\/wp\/v2\/pages"}],"about":[{"href":"https:\/\/disruptivne.com\/sk\/wp-json\/wp\/v2\/types\/page"}],"author":[{"embeddable":true,"href":"https:\/\/disruptivne.com\/sk\/wp-json\/wp\/v2\/users\/1"}],"replies":[{"embeddable":true,"href":"https:\/\/disruptivne.com\/sk\/wp-json\/wp\/v2\/comments?post=414"}],"version-history":[{"count":20,"href":"https:\/\/disruptivne.com\/sk\/wp-json\/wp\/v2\/pages\/414\/revisions"}],"predecessor-version":[{"id":615,"href":"https:\/\/disruptivne.com\/sk\/wp-json\/wp\/v2\/pages\/414\/revisions\/615"}],"wp:attachment":[{"href":"https:\/\/disruptivne.com\/sk\/wp-json\/wp\/v2\/media?parent=414"}],"curies":[{"name":"wp","href":"https:\/\/api.w.org\/{rel}","templated":true}]}}