{"id":425,"date":"2019-07-28T21:49:58","date_gmt":"2019-07-28T19:49:58","guid":{"rendered":"https:\/\/disruptivne.com\/?page_id=425"},"modified":"2019-11-28T09:34:15","modified_gmt":"2019-11-28T08:34:15","slug":"home","status":"publish","type":"page","link":"https:\/\/disruptivne.com\/sk\/","title":{"rendered":"Domov"},"content":{"rendered":"<p><div class=\"fusion-fullwidth fullwidth-box fusion-builder-row-1 nonhundred-percent-fullwidth non-hundred-percent-height-scrolling\" style=\"--awb-border-radius-top-left:0px;--awb-border-radius-top-right:0px;--awb-border-radius-bottom-right:0px;--awb-border-radius-bottom-left:0px;--awb-flex-wrap:wrap;\" ><div class=\"fusion-builder-row fusion-row\"><div class=\"fusion-layout-column fusion_builder_column fusion-builder-column-0 fusion_builder_column_1_1 1_1 fusion-one-full fusion-column-first fusion-column-last pull-up fusion-animated\" style=\"--awb-bg-size:cover;\" data-animationType=\"fadeInUp\" data-animationDuration=\"0.5\" data-animationOffset=\"top-into-view\"><div class=\"fusion-column-wrapper fusion-column-has-shadow fusion-flex-column-wrapper-legacy\"><div class=\"fusion-content-boxes content-boxes columns row fusion-columns-3 fusion-columns-total-3 fusion-content-boxes-1 content-boxes-icon-on-top content-left homecontentboxes\" style=\"--awb-backgroundcolor:#151567;--awb-body-color:rgba(255,255,255,0.7);--awb-title-color:#ffffff;--awb-margin-bottom:0px;--awb-hover-accent-color:#ffffff;--awb-circle-hover-accent-color:transparent;\" data-animationOffset=\"top-into-view\"><div style=\"--awb-backgroundcolor:#151567;\" class=\"fusion-column content-box-column content-box-column content-box-column-1 col-lg-4 col-md-4 col-sm-4 fusion-content-box-hover content-box-column-first-in-row\"><div class=\"col content-box-wrapper content-wrapper-background link-area-box link-type-text icon-hover-animation-fade\" data-link=\"https:\/\/disruptivne.com\/sk\/it\/\" data-link-target=\"_self\" data-animationOffset=\"top-into-view\"><div class=\"heading heading-with-icon icon-left\"><a class=\"heading-link\" href=\"https:\/\/disruptivne.com\/sk\/it\/\" target=\"_self\"><div class=\"icon\"><i style=\"background-color:transparent;border-color:transparent;height:auto;width: 45px;line-height:normal;font-size:45px;\" aria-hidden=\"true\" class=\"fontawesome-icon fa-chart-bar far circle-no\"><\/i><\/div><h2 class=\"content-box-heading\" style=\"--h2_typography-font-size:18px;line-height:23px;\">IT<\/h2><\/a><\/div><div class=\"fusion-clearfix\"><\/div><div class=\"content-container\">\n<p>Nov\u00e9 n\u00e1pady a rie\u0161enia. V\u0161etko najjednoduch\u0161ie ako sa d\u00e1.<\/p>\n<\/div><div class=\"fusion-clearfix\"><\/div><a class=\" fusion-read-more\" href=\"https:\/\/disruptivne.com\/sk\/it\/\" target=\"_self\">Zistite viac<\/a><div class=\"fusion-clearfix\"><\/div><\/div><\/div><div style=\"--awb-backgroundcolor:#151567;\" class=\"fusion-column content-box-column content-box-column content-box-column-2 col-lg-4 col-md-4 col-sm-4 fusion-content-box-hover \"><div class=\"col content-box-wrapper content-wrapper-background link-area-box link-type-text icon-hover-animation-fade\" data-link=\"https:\/\/disruptivne.com\/sk\/investicie\/\" data-link-target=\"_self\" data-animationOffset=\"top-into-view\"><div class=\"heading heading-with-icon icon-left\"><a class=\"heading-link\" href=\"https:\/\/disruptivne.com\/sk\/investicie\/\" target=\"_self\"><div class=\"icon\"><i style=\"background-color:transparent;border-color:transparent;height:auto;width: 45px;line-height:normal;font-size:45px;\" aria-hidden=\"true\" class=\"fontawesome-icon fa-chart-bar far circle-no\"><\/i><\/div><h2 class=\"content-box-heading\" style=\"--h2_typography-font-size:18px;line-height:23px;\">Invest\u00edcie<\/h2><\/a><\/div><div class=\"fusion-clearfix\"><\/div><div class=\"content-container\">\n<p>Jedine\u010dn\u00e1 IT spolo\u010dnos\u0165 generuj\u00faca pas\u00edvne pr\u00edjmy<\/p>\n<\/div><div class=\"fusion-clearfix\"><\/div><a class=\" fusion-read-more\" href=\"https:\/\/disruptivne.com\/sk\/investicie\/\" target=\"_self\">Zistite viac<\/a><div class=\"fusion-clearfix\"><\/div><\/div><\/div><div style=\"--awb-backgroundcolor:#151567;\" class=\"fusion-column content-box-column content-box-column content-box-column-3 col-lg-4 col-md-4 col-sm-4 fusion-content-box-hover content-box-column-last content-box-column-last-in-row\"><div class=\"col content-box-wrapper content-wrapper-background link-area-box link-type-text icon-hover-animation-fade\" data-link=\"https:\/\/disruptivne.com\/sk\/sebarozvoj\/\" data-link-target=\"_self\" data-animationOffset=\"top-into-view\"><div class=\"heading heading-with-icon icon-left\"><a class=\"heading-link\" href=\"https:\/\/disruptivne.com\/sk\/sebarozvoj\/\" target=\"_self\"><div class=\"icon\"><i style=\"background-color:transparent;border-color:transparent;height:auto;width: 45px;line-height:normal;font-size:45px;\" aria-hidden=\"true\" class=\"fontawesome-icon fa-chart-bar far circle-no\"><\/i><\/div><h2 class=\"content-box-heading\" style=\"--h2_typography-font-size:18px;line-height:23px;\">Sebarozvoj<\/h2><\/a><\/div><div class=\"fusion-clearfix\"><\/div><div class=\"content-container\">\n<p>Spozn\u00e1vanie seba sam\u00e9ho a budovanie svojej vlastnej vn\u00fatornej sily<\/p>\n<\/div><div class=\"fusion-clearfix\"><\/div><a class=\" fusion-read-more\" href=\"https:\/\/disruptivne.com\/sk\/sebarozvoj\/\" target=\"_self\">Zistite viac<\/a><div class=\"fusion-clearfix\"><\/div><\/div><\/div><div class=\"fusion-clearfix\"><\/div><\/div><div class=\"fusion-clearfix\"><\/div><\/div><\/div><\/div><\/div><div class=\"fusion-fullwidth fullwidth-box fusion-builder-row-2 nonhundred-percent-fullwidth non-hundred-percent-height-scrolling\" style=\"--awb-border-radius-top-left:0px;--awb-border-radius-top-right:0px;--awb-border-radius-bottom-right:0px;--awb-border-radius-bottom-left:0px;--awb-margin-top:40px;--awb-margin-bottom:30px;--awb-flex-wrap:wrap;\" ><div class=\"fusion-builder-row fusion-row\"><div class=\"fusion-layout-column fusion_builder_column fusion-builder-column-1 fusion_builder_column_2_5 2_5 fusion-two-fifth fusion-column-first fusion-animated\" style=\"--awb-bg-size:cover;width:40%;width:calc(40% - ( ( 4% ) * 0.4 ) );margin-right: 4%;\" data-animationType=\"fadeInLeft\" data-animationDuration=\"0.5\" data-animationOffset=\"top-into-view\"><div class=\"fusion-column-wrapper fusion-column-has-shadow fusion-flex-column-wrapper-legacy\"><div class=\"fusion-image-element fusion-image-align-center in-legacy-container\" style=\"text-align:center;--awb-caption-title-font-family:var(--h2_typography-font-family);--awb-caption-title-font-weight:var(--h2_typography-font-weight);--awb-caption-title-font-style:var(--h2_typography-font-style);--awb-caption-title-size:var(--h2_typography-font-size);--awb-caption-title-transform:var(--h2_typography-text-transform);--awb-caption-title-line-height:var(--h2_typography-line-height);--awb-caption-title-letter-spacing:var(--h2_typography-letter-spacing);\"><div class=\"imageframe-align-center\"><span class=\" fusion-imageframe imageframe-none imageframe-1 hover-type-none\"><img decoding=\"async\" width=\"1900\" height=\"1425\" title=\"Blue numbers1\" src=\"https:\/\/disruptivne.com\/wp-content\/uploads\/2019\/09\/Blue-numbers1.jpg\" alt class=\"img-responsive wp-image-502\" srcset=\"https:\/\/disruptivne.com\/wp-content\/uploads\/2019\/09\/Blue-numbers1-200x150.jpg 200w, https:\/\/disruptivne.com\/wp-content\/uploads\/2019\/09\/Blue-numbers1-400x300.jpg 400w, https:\/\/disruptivne.com\/wp-content\/uploads\/2019\/09\/Blue-numbers1-600x450.jpg 600w, https:\/\/disruptivne.com\/wp-content\/uploads\/2019\/09\/Blue-numbers1-800x600.jpg 800w, https:\/\/disruptivne.com\/wp-content\/uploads\/2019\/09\/Blue-numbers1-1200x900.jpg 1200w, https:\/\/disruptivne.com\/wp-content\/uploads\/2019\/09\/Blue-numbers1.jpg 1900w\" sizes=\"(max-width: 900px) 100vw, 600px\" \/><\/span><\/div><\/div><div class=\"fusion-clearfix\"><\/div><\/div><\/div><div class=\"fusion-layout-column fusion_builder_column fusion-builder-column-2 fusion_builder_column_3_5 3_5 fusion-three-fifth fusion-column-last fusion-animated\" style=\"--awb-bg-size:cover;width:60%;width:calc(60% - ( ( 4% ) * 0.6 ) );\" data-animationType=\"fadeInRight\" data-animationDuration=\"0.3\" data-animationOffset=\"top-into-view\"><div class=\"fusion-column-wrapper fusion-column-has-shadow fusion-flex-column-wrapper-legacy\"><div class=\"fusion-title title fusion-title-1 fusion-sep-none fusion-title-text fusion-title-size-two\"><h2 class=\"fusion-title-heading title-heading-left\" style=\"margin:0;\">NA\u0160E HODNOTY<\/h2><\/div><div class=\"fusion-text fusion-text-1\"><p>Jadrom DISRUPTIVNE je disrupt\u00edvna sie\u0165. Na\u0161a disrupt\u00edvna sie\u0165 stavia na budovan\u00ed a zdie\u013ean\u00ed spolo\u010dn\u00e9ho Know-How spolo\u010dne so zdie\u013ean\u00edm n\u00e1kladov.<\/p>\n<p>Zabezpe\u010dujeme podporu pre IT, Predaj a v legislat\u00edve pre \u010dlenov na\u0161ej siete.<\/p>\n<p>Z\u00e1kladn\u00e9 princ\u00edpy na\u0161ej siete:<\/p>\n<\/div><ul style=\"--awb-iconcolor:#ba009b;--awb-line-height:23.8px;--awb-icon-width:23.8px;--awb-icon-height:23.8px;--awb-icon-margin:9.8px;--awb-content-margin:33.6px;\" class=\"fusion-checklist fusion-checklist-1 fusion-checklist-default type-icons\"><li class=\"fusion-li-item\" style=\"\"><span class=\"icon-wrapper circle-no\"><i class=\"fusion-li-icon fa-check fas\" aria-hidden=\"true\"><\/i><\/span><div class=\"fusion-li-item-content\">Transparentnos\u0165<\/div><\/li><li class=\"fusion-li-item\" style=\"\"><span class=\"icon-wrapper circle-no\"><i class=\"fusion-li-icon fa-check fas\" aria-hidden=\"true\"><\/i><\/span><div class=\"fusion-li-item-content\">\n<p>Odmena za \u010destnos\u0165<\/p>\n<\/div><\/li><li class=\"fusion-li-item\" style=\"\"><span class=\"icon-wrapper circle-no\"><i class=\"fusion-li-icon fa-check fas\" aria-hidden=\"true\"><\/i><\/span><div class=\"fusion-li-item-content\">F\u00e9rovos\u0165 pre ka\u017ed\u00e9ho<\/div><\/li><\/ul><div class=\"fusion-sep-clear\"><\/div><div class=\"fusion-separator fusion-full-width-sep\" style=\"margin-left: auto;margin-right: auto;margin-top:15px;width:100%;\"><\/div><div class=\"fusion-sep-clear\"><\/div><div class=\"fusion-text fusion-text-2\"><p>Vyu\u017e\u00edvame modern\u00e9 trendy ako napr\u00edklad online zdie\u013eanie spolo\u010dn\u00e9ho Know-How.<\/p>\n<\/div><div class=\"fusion-clearfix\"><\/div><\/div><\/div><\/div><\/div><div class=\"fusion-fullwidth fullwidth-box fusion-builder-row-3 nonhundred-percent-fullwidth non-hundred-percent-height-scrolling\" style=\"--awb-border-radius-top-left:0px;--awb-border-radius-top-right:0px;--awb-border-radius-bottom-right:0px;--awb-border-radius-bottom-left:0px;--awb-padding-top:40px;--awb-padding-bottom:20px;--awb-background-color:#151567;--awb-flex-wrap:wrap;\" ><div class=\"fusion-builder-row fusion-row\"><div class=\"fusion-layout-column fusion_builder_column fusion-builder-column-3 fusion_builder_column_3_4 3_4 fusion-three-fourth fusion-column-first fusion-animated\" style=\"--awb-bg-size:cover;width:75%;width:calc(75% - ( ( 4% ) * 0.75 ) );margin-right: 4%;\" data-animationType=\"fadeInUp\" data-animationDuration=\"0.5\" data-animationOffset=\"top-into-view\"><div class=\"fusion-column-wrapper fusion-column-has-shadow fusion-flex-column-wrapper-legacy\"><div class=\"fusion-title title fusion-title-2 fusion-sep-none fusion-title-center fusion-title-text fusion-title-size-two\" style=\"--awb-text-color:#ffffff;--awb-margin-bottom:0px;\"><h2 class=\"fusion-title-heading title-heading-center\" style=\"margin:0;\">ZVEDAV\u00cd, \u010cO V\u0160ETKO DOK\u00c1\u017dETE Z\u00cdSKA\u0164 V SIETI DISRUPTIVNE?<\/h2><\/div><div class=\"fusion-clearfix\"><\/div><\/div><\/div><div class=\"fusion-layout-column fusion_builder_column fusion-builder-column-4 fusion_builder_column_1_4 1_4 fusion-one-fourth fusion-column-last fusion-animated\" style=\"--awb-bg-size:cover;width:25%;width:calc(25% - ( ( 4% ) * 0.25 ) );\" data-animationType=\"fadeInUp\" data-animationDuration=\"0.5\" data-animationOffset=\"top-into-view\"><div class=\"fusion-column-wrapper fusion-column-has-shadow fusion-flex-column-wrapper-legacy\"><div class=\"fusion-aligncenter\"><a class=\"fusion-button button-flat fusion-button-default-size button-default fusion-button-default button-1 fusion-button-default-span fusion-button-default-type\" target=\"_self\" href=\"https:\/\/disruptivne.com\/sk\/o-nas\/\"><span class=\"fusion-button-text\">Zistite viac<\/span><\/a><\/div><div class=\"fusion-clearfix\"><\/div><\/div><\/div><\/div><\/div><\/p>\n","protected":false},"excerpt":{"rendered":"","protected":false},"author":1,"featured_media":0,"parent":0,"menu_order":0,"comment_status":"closed","ping_status":"closed","template":"100-width.php","meta":{"footnotes":""},"yoast_head":"<!-- This site is optimized with the Yoast SEO plugin v22.8 - https:\/\/yoast.com\/wordpress\/plugins\/seo\/ -->\n<title>Domov - disruptivne.com<\/title>\n<meta name=\"robots\" content=\"index, follow, max-snippet:-1, max-image-preview:large, max-video-preview:-1\" \/>\n<link rel=\"canonical\" href=\"https:\/\/disruptivne.com\/sk\/\" \/>\n<meta property=\"og:locale\" content=\"sk_SK\" \/>\n<meta property=\"og:type\" content=\"article\" \/>\n<meta property=\"og:title\" content=\"Domov - disruptivne.com\" \/>\n<meta property=\"og:url\" content=\"https:\/\/disruptivne.com\/sk\/\" \/>\n<meta property=\"og:site_name\" content=\"disruptivne.com\" \/>\n<meta property=\"article:modified_time\" content=\"2019-11-28T08:34:15+00:00\" \/>\n<meta name=\"twitter:card\" content=\"summary_large_image\" \/>\n<meta name=\"twitter:label1\" content=\"Predpokladan\u00fd \u010das \u010d\u00edtania\" \/>\n\t<meta name=\"twitter:data1\" content=\"8 min\u00fat\" \/>\n<script type=\"application\/ld+json\" class=\"yoast-schema-graph\">{\"@context\":\"https:\/\/schema.org\",\"@graph\":[{\"@type\":\"WebPage\",\"@id\":\"https:\/\/disruptivne.com\/sk\/\",\"url\":\"https:\/\/disruptivne.com\/sk\/\",\"name\":\"Domov - disruptivne.com\",\"isPartOf\":{\"@id\":\"https:\/\/disruptivne.com\/sk\/#website\"},\"datePublished\":\"2019-07-28T19:49:58+00:00\",\"dateModified\":\"2019-11-28T08:34:15+00:00\",\"breadcrumb\":{\"@id\":\"https:\/\/disruptivne.com\/sk\/#breadcrumb\"},\"inLanguage\":\"sk-SK\",\"potentialAction\":[{\"@type\":\"ReadAction\",\"target\":[\"https:\/\/disruptivne.com\/sk\/\"]}]},{\"@type\":\"BreadcrumbList\",\"@id\":\"https:\/\/disruptivne.com\/sk\/#breadcrumb\",\"itemListElement\":[{\"@type\":\"ListItem\",\"position\":1,\"name\":\"Home\",\"item\":\"https:\/\/disruptivne.com\/sk\/\"},{\"@type\":\"ListItem\",\"position\":2,\"name\":\"Domov\"}]},{\"@type\":\"WebSite\",\"@id\":\"https:\/\/disruptivne.com\/sk\/#website\",\"url\":\"https:\/\/disruptivne.com\/sk\/\",\"name\":\"disruptivne.com\",\"description\":\"\",\"potentialAction\":[{\"@type\":\"SearchAction\",\"target\":{\"@type\":\"EntryPoint\",\"urlTemplate\":\"https:\/\/disruptivne.com\/sk\/?s={search_term_string}\"},\"query-input\":\"required name=search_term_string\"}],\"inLanguage\":\"sk-SK\"}]}<\/script>\n<!-- \/ Yoast SEO plugin. -->","yoast_head_json":{"title":"Domov - disruptivne.com","robots":{"index":"index","follow":"follow","max-snippet":"max-snippet:-1","max-image-preview":"max-image-preview:large","max-video-preview":"max-video-preview:-1"},"canonical":"https:\/\/disruptivne.com\/sk\/","og_locale":"sk_SK","og_type":"article","og_title":"Domov - disruptivne.com","og_url":"https:\/\/disruptivne.com\/sk\/","og_site_name":"disruptivne.com","article_modified_time":"2019-11-28T08:34:15+00:00","twitter_card":"summary_large_image","twitter_misc":{"Predpokladan\u00fd \u010das \u010d\u00edtania":"8 min\u00fat"},"schema":{"@context":"https:\/\/schema.org","@graph":[{"@type":"WebPage","@id":"https:\/\/disruptivne.com\/sk\/","url":"https:\/\/disruptivne.com\/sk\/","name":"Domov - disruptivne.com","isPartOf":{"@id":"https:\/\/disruptivne.com\/sk\/#website"},"datePublished":"2019-07-28T19:49:58+00:00","dateModified":"2019-11-28T08:34:15+00:00","breadcrumb":{"@id":"https:\/\/disruptivne.com\/sk\/#breadcrumb"},"inLanguage":"sk-SK","potentialAction":[{"@type":"ReadAction","target":["https:\/\/disruptivne.com\/sk\/"]}]},{"@type":"BreadcrumbList","@id":"https:\/\/disruptivne.com\/sk\/#breadcrumb","itemListElement":[{"@type":"ListItem","position":1,"name":"Home","item":"https:\/\/disruptivne.com\/sk\/"},{"@type":"ListItem","position":2,"name":"Domov"}]},{"@type":"WebSite","@id":"https:\/\/disruptivne.com\/sk\/#website","url":"https:\/\/disruptivne.com\/sk\/","name":"disruptivne.com","description":"","potentialAction":[{"@type":"SearchAction","target":{"@type":"EntryPoint","urlTemplate":"https:\/\/disruptivne.com\/sk\/?s={search_term_string}"},"query-input":"required name=search_term_string"}],"inLanguage":"sk-SK"}]}},"_links":{"self":[{"href":"https:\/\/disruptivne.com\/sk\/wp-json\/wp\/v2\/pages\/425"}],"collection":[{"href":"https:\/\/disruptivne.com\/sk\/wp-json\/wp\/v2\/pages"}],"about":[{"href":"https:\/\/disruptivne.com\/sk\/wp-json\/wp\/v2\/types\/page"}],"author":[{"embeddable":true,"href":"https:\/\/disruptivne.com\/sk\/wp-json\/wp\/v2\/users\/1"}],"replies":[{"embeddable":true,"href":"https:\/\/disruptivne.com\/sk\/wp-json\/wp\/v2\/comments?post=425"}],"version-history":[{"count":13,"href":"https:\/\/disruptivne.com\/sk\/wp-json\/wp\/v2\/pages\/425\/revisions"}],"predecessor-version":[{"id":558,"href":"https:\/\/disruptivne.com\/sk\/wp-json\/wp\/v2\/pages\/425\/revisions\/558"}],"wp:attachment":[{"href":"https:\/\/disruptivne.com\/sk\/wp-json\/wp\/v2\/media?parent=425"}],"curies":[{"name":"wp","href":"https:\/\/api.w.org\/{rel}","templated":true}]}}