{"id":470,"date":"2019-11-26T11:10:44","date_gmt":"2019-11-26T10:10:44","guid":{"rendered":"https:\/\/disruptivne.com\/sebarozvoj\/"},"modified":"2019-11-27T23:53:27","modified_gmt":"2019-11-27T22:53:27","slug":"sebarozvoj","status":"publish","type":"page","link":"https:\/\/disruptivne.com\/sk\/nase-riesenia\/sebarozvoj\/","title":{"rendered":"Sebarozvoj"},"content":{"rendered":"<p><div class=\"fusion-fullwidth fullwidth-box fusion-builder-row-1 nonhundred-percent-fullwidth non-hundred-percent-height-scrolling\" style=\"--awb-border-radius-top-left:0px;--awb-border-radius-top-right:0px;--awb-border-radius-bottom-right:0px;--awb-border-radius-bottom-left:0px;--awb-flex-wrap:wrap;\" ><div class=\"fusion-builder-row fusion-row\"><div class=\"fusion-layout-column fusion_builder_column fusion-builder-column-0 fusion_builder_column_1_1 1_1 fusion-one-full fusion-column-first fusion-column-last fusion-animated\" style=\"--awb-bg-size:cover;\" data-animationType=\"fadeInUp\" data-animationDuration=\"0.3\" data-animationOffset=\"top-into-view\"><div class=\"fusion-column-wrapper fusion-column-has-shadow fusion-flex-column-wrapper-legacy\"><div class=\"fusion-title title fusion-title-1 fusion-sep-none fusion-title-center fusion-title-text fusion-title-size-three\"><h3 class=\"fusion-title-heading title-heading-center\" style=\"margin:0;\">Sebarozvoj s DISRUPTIVNE<\/h3><\/div><div class=\"fusion-text fusion-text-1\"><p style=\"text-align: center;\">Z\u00e1klad \u00faspechu je spozn\u00e1vanie seba sam\u00e9ho a budovanie svojej vlastnej vn\u00fatornej sily<\/p>\n<p style=\"text-align: center;\">\u00daspech je pre n\u00e1s hojnos\u0165 a harm\u00f3nia v ka\u017edej z oblast\u00ed \u017eivota, vr\u00e1tane osobnej, profesion\u00e1lnej aj finan\u010dnej<\/p>\n<\/div><div class=\"fusion-clearfix\"><\/div><\/div><\/div><div class=\"fusion-layout-column fusion_builder_column fusion-builder-column-1 fusion_builder_column_1_1 1_1 fusion-one-full fusion-column-first fusion-column-last fusion-animated\" style=\"--awb-bg-size:cover;\" data-animationType=\"fadeInUp\" data-animationDuration=\"0.3\" data-animationOffset=\"top-into-view\"><div class=\"fusion-column-wrapper fusion-column-has-shadow fusion-flex-column-wrapper-legacy\"><div class=\"fusion-tabs fusion-tabs-1 classic nav-is-justified horizontal-tabs icon-position-left mobile-mode-accordion\" style=\"--awb-title-border-radius-top-left:0px;--awb-title-border-radius-top-right:0px;--awb-title-border-radius-bottom-right:0px;--awb-title-border-radius-bottom-left:0px;--awb-inactive-color:#ebeaea;--awb-background-color:#ffffff;--awb-border-color:#ebeaea;--awb-active-border-color:#bb13a0;\"><div class=\"nav\"><ul class=\"nav-tabs nav-justified\" role=\"tablist\"><li class=\"active\" role=\"presentation\"><a class=\"tab-link\" data-toggle=\"tab\" role=\"tab\" aria-controls=\"tab-f0f41ee881706e22407\" aria-selected=\"true\" id=\"fusion-tab-osobn\u00fdrast\" href=\"#tab-f0f41ee881706e22407\"><h4 class=\"fusion-tab-heading\">Osobn\u00fd rast<\/h4><\/a><\/li><li role=\"presentation\"><a class=\"tab-link\" data-toggle=\"tab\" role=\"tab\" aria-controls=\"tab-348165d743d64515205\" aria-selected=\"false\" tabindex=\"-1\" id=\"fusion-tab-profesion\u00e1lnyrast\" href=\"#tab-348165d743d64515205\"><h4 class=\"fusion-tab-heading\">Profesion\u00e1lny rast<\/h4><\/a><\/li><li role=\"presentation\"><a class=\"tab-link\" data-toggle=\"tab\" role=\"tab\" aria-controls=\"tab-8cf45447125acf4e05a\" aria-selected=\"false\" tabindex=\"-1\" id=\"fusion-tab-finan\u010dn\u00fdrast\" href=\"#tab-8cf45447125acf4e05a\"><h4 class=\"fusion-tab-heading\">Finan\u010dn\u00fd rast<\/h4><\/a><\/li><\/ul><\/div><div class=\"tab-content\"><div class=\"nav fusion-mobile-tab-nav\"><ul class=\"nav-tabs nav-justified\" role=\"tablist\"><li class=\"active\" role=\"presentation\"><a class=\"tab-link\" data-toggle=\"tab\" role=\"tab\" aria-controls=\"tab-f0f41ee881706e22407\" aria-selected=\"true\" id=\"mobile-fusion-tab-osobn\u00fdrast\" href=\"#tab-f0f41ee881706e22407\"><h4 class=\"fusion-tab-heading\">Osobn\u00fd rast<\/h4><\/a><\/li><\/ul><\/div><div class=\"tab-pane fade fusion-clearfix in active\" role=\"tabpanel\" tabindex=\"0\" aria-labelledby=\"fusion-tab-osobn\u00fdrast\" id=\"tab-f0f41ee881706e22407\">\n<p>Podpor\u00edme V\u00e1s<\/p>\n<ul>\n<li>Ako n\u00e1js\u0165 svoju motiv\u00e1ciu a \u0161\u0165astie<\/li>\n<li>Ako zlep\u0161i\u0165 svoju komunik\u00e1ciu a vz\u0165ahy<\/li>\n<li>Ako ujasni\u0165 a zrealizova\u0165 svoju \u017eivotn\u00fa v\u00edziu<\/li>\n<li>Ako \u017ei\u0165 \u017eivot v hojnosti<\/li>\n<\/ul>\n<p>Staviame na terapeutick\u00fdch met\u00f3dach overen\u00fdch v praxi<\/p>\n<\/div><div class=\"nav fusion-mobile-tab-nav\"><ul class=\"nav-tabs nav-justified\" role=\"tablist\"><li role=\"presentation\"><a class=\"tab-link\" data-toggle=\"tab\" role=\"tab\" aria-controls=\"tab-348165d743d64515205\" aria-selected=\"false\" tabindex=\"-1\" id=\"mobile-fusion-tab-profesion\u00e1lnyrast\" href=\"#tab-348165d743d64515205\"><h4 class=\"fusion-tab-heading\">Profesion\u00e1lny rast<\/h4><\/a><\/li><\/ul><\/div><div class=\"tab-pane fade fusion-clearfix\" role=\"tabpanel\" tabindex=\"0\" aria-labelledby=\"fusion-tab-profesion\u00e1lnyrast\" id=\"tab-348165d743d64515205\">\n<p>Z\u00edskate mo\u017enos\u0165<\/p>\n<ul>\n<li>Nau\u010di\u0165 sa podnikate\u013esky myslie\u0165<\/li>\n<li>Sta\u0165 sa expertom v IT<\/li>\n<li>Za\u017ei\u0165 marketing a mana\u017ement v praxi<\/li>\n<li>Zlep\u0161i\u0165 si svoj time-management a organiz\u00e1ciu pr\u00e1ce<\/li>\n<\/ul>\n<p>Nau\u010d\u00edte sa ako urobi\u0165 v\u00e4\u010d\u0161\u00ed v\u00fdkon s men\u0161\u00edm stresom za menej \u010dasu<\/p>\n<\/div><div class=\"nav fusion-mobile-tab-nav\"><ul class=\"nav-tabs nav-justified\" role=\"tablist\"><li role=\"presentation\"><a class=\"tab-link\" data-toggle=\"tab\" role=\"tab\" aria-controls=\"tab-8cf45447125acf4e05a\" aria-selected=\"false\" tabindex=\"-1\" id=\"mobile-fusion-tab-finan\u010dn\u00fdrast\" href=\"#tab-8cf45447125acf4e05a\"><h4 class=\"fusion-tab-heading\">Finan\u010dn\u00fd rast<\/h4><\/a><\/li><\/ul><\/div><div class=\"tab-pane fade fusion-clearfix\" role=\"tabpanel\" tabindex=\"0\" aria-labelledby=\"fusion-tab-finan\u010dn\u00fdrast\" id=\"tab-8cf45447125acf4e05a\">\n<p>Nau\u010d\u00edte sa<\/p>\n<ul>\n<li>Ako zv\u00fd\u0161i\u0165 svoju cenu na trhu pr\u00e1ce a zarobi\u0165 viac<\/li>\n<li>Ako si vybudova\u0165 pas\u00edvne pr\u00edjmy<\/li>\n<li>Ako budova\u0165 svoje akt\u00edva a sta\u0165 sa finan\u010dne nez\u00e1visl\u00fdm<\/li>\n<li>Ako z\u00edska\u0165 nehnute\u013enosti s bez\u00faro\u010dn\u00fdm financovan\u00edm<\/li>\n<\/ul>\n<p>Finan\u010dn\u00fd trh je ve\u013emi nevyrovnan\u00fd. Kto ho pozn\u00e1 zar\u00e1ba. Kto ho nepozn\u00e1, za v\u0161etko plat\u00ed<\/p>\n<\/div><\/div><\/div><div class=\"fusion-clearfix\"><\/div><\/div><\/div><\/div><\/div><div class=\"fusion-fullwidth fullwidth-box fusion-builder-row-2 nonhundred-percent-fullwidth non-hundred-percent-height-scrolling\" style=\"--awb-border-radius-top-left:0px;--awb-border-radius-top-right:0px;--awb-border-radius-bottom-right:0px;--awb-border-radius-bottom-left:0px;--awb-padding-top:70px;--awb-padding-bottom:20px;--awb-background-color:#efefef;--awb-flex-wrap:wrap;\" ><div class=\"fusion-builder-row fusion-row\"><div class=\"fusion-layout-column fusion_builder_column fusion-builder-column-2 fusion_builder_column_1_1 1_1 fusion-one-full fusion-column-first fusion-column-last fusion-animated\" style=\"--awb-bg-size:cover;\" data-animationType=\"fadeInLeft\" data-animationDuration=\"0.3\" data-animationOffset=\"top-into-view\"><div class=\"fusion-column-wrapper fusion-column-has-shadow fusion-flex-column-wrapper-legacy\"><div class=\"fusion-title title fusion-title-2 fusion-sep-none fusion-title-center fusion-title-text fusion-title-size-two\"><h2 class=\"fusion-title-heading title-heading-center\" style=\"margin:0;\">M\u00e1te mo\u017enos\u0165<\/h2><\/div><div class=\"fusion-content-boxes content-boxes columns row fusion-columns-3 fusion-columns-total-3 fusion-content-boxes-1 content-boxes-icon-on-top content-left\" style=\"--awb-title-color:#bb13a0;--awb-margin-bottom:0px;--awb-hover-accent-color:#bb13a0;--awb-circle-hover-accent-color:#bb13a0;\" data-animationOffset=\"top-into-view\"><div style=\"--awb-backgroundcolor:rgba(255,255,255,0);\" class=\"fusion-column content-box-column content-box-column content-box-column-1 col-lg-4 col-md-4 col-sm-4 fusion-content-box-hover content-box-column-first-in-row\"><div class=\"col content-box-wrapper content-wrapper link-area-link-icon icon-hover-animation-fade\" data-animationOffset=\"top-into-view\"><div class=\"heading heading-with-icon icon-left\"><div class=\"icon\"><i style=\"border-color:#bb13a0;border-width:1px;background-color:#bb13a0;box-sizing:content-box;height:80px;width:80px;line-height:80px;border-radius:0px;font-size:40px;\" aria-hidden=\"true\" class=\"fontawesome-icon fa-users fas circle-yes\"><\/i><\/div><h2 class=\"content-box-heading\" style=\"--h2_typography-font-size:18px;line-height:23px;\">Zapoji\u0165 sa do n\u00e1\u0161ho sebarozvojov\u00e9ho programu<\/h2><\/div><\/div><\/div><div style=\"--awb-backgroundcolor:rgba(255,255,255,0);\" class=\"fusion-column content-box-column content-box-column content-box-column-2 col-lg-4 col-md-4 col-sm-4 fusion-content-box-hover \"><div class=\"col content-box-wrapper content-wrapper link-area-link-icon icon-hover-animation-fade\" data-animationOffset=\"top-into-view\"><div class=\"heading heading-with-icon icon-left\"><div class=\"icon\"><i style=\"border-color:#bb13a0;border-width:1px;background-color:#bb13a0;box-sizing:content-box;height:80px;width:80px;line-height:80px;border-radius:0px;font-size:40px;\" aria-hidden=\"true\" class=\"fontawesome-icon fa-chalkboard-teacher fas circle-yes\"><\/i><\/div><h2 class=\"content-box-heading\" style=\"--h2_typography-font-size:18px;line-height:23px;\">Z\u00fa\u010dastni\u0165 sa na\u0161ich odborn\u00fdch \u0161kolen\u00ed a kurzov<\/h2><\/div><\/div><\/div><div style=\"--awb-backgroundcolor:rgba(255,255,255,0);\" class=\"fusion-column content-box-column content-box-column content-box-column-3 col-lg-4 col-md-4 col-sm-4 fusion-content-box-hover content-box-column-last content-box-column-last-in-row\"><div class=\"col content-box-wrapper content-wrapper link-area-link-icon icon-hover-animation-fade\" data-animationOffset=\"top-into-view\"><div class=\"heading heading-with-icon icon-left\"><div class=\"icon\"><i style=\"border-color:#bb13a0;border-width:1px;background-color:#bb13a0;box-sizing:content-box;height:80px;width:80px;line-height:80px;border-radius:0px;font-size:40px;\" aria-hidden=\"true\" class=\"fontawesome-icon fa-user-tie fas circle-yes\"><\/i><\/div><h2 class=\"content-box-heading\" style=\"--h2_typography-font-size:18px;line-height:23px;\">Vysk\u00fa\u0161a\u0165 kari\u00e9ru v DISRUPTIVNE<\/h2><\/div><\/div><\/div><div class=\"fusion-clearfix\"><\/div><\/div><div class=\"fusion-clearfix\"><\/div><\/div><\/div><\/div><\/div><div class=\"fusion-fullwidth fullwidth-box fusion-builder-row-3 nonhundred-percent-fullwidth non-hundred-percent-height-scrolling\" style=\"--awb-border-radius-top-left:0px;--awb-border-radius-top-right:0px;--awb-border-radius-bottom-right:0px;--awb-border-radius-bottom-left:0px;--awb-padding-top:40px;--awb-padding-bottom:20px;--awb-background-color:#151567;--awb-flex-wrap:wrap;\" ><div class=\"fusion-builder-row fusion-row\"><div class=\"fusion-layout-column fusion_builder_column fusion-builder-column-3 fusion_builder_column_3_4 3_4 fusion-three-fourth fusion-column-first fusion-animated\" style=\"--awb-bg-size:cover;width:75%;width:calc(75% - ( ( 4% ) * 0.75 ) );margin-right: 4%;\" data-animationType=\"fadeInUp\" data-animationDuration=\"0.5\" data-animationOffset=\"top-into-view\"><div class=\"fusion-column-wrapper fusion-column-has-shadow fusion-flex-column-wrapper-legacy\"><div class=\"fusion-title title fusion-title-3 fusion-sep-none fusion-title-center fusion-title-text fusion-title-size-two\" style=\"--awb-text-color:#ffffff;--awb-margin-bottom:0px;\"><h2 class=\"fusion-title-heading title-heading-center\" style=\"margin:0;\">Objavte svet efekt\u00edvneho IT<\/h2><\/div><div class=\"fusion-clearfix\"><\/div><\/div><\/div><div class=\"fusion-layout-column fusion_builder_column fusion-builder-column-4 fusion_builder_column_1_4 1_4 fusion-one-fourth fusion-column-last fusion-animated\" style=\"--awb-bg-size:cover;width:25%;width:calc(25% - ( ( 4% ) * 0.25 ) );\" data-animationType=\"fadeInUp\" data-animationDuration=\"0.5\" data-animationOffset=\"top-into-view\"><div class=\"fusion-column-wrapper fusion-column-has-shadow fusion-flex-column-wrapper-legacy\"><div class=\"fusion-aligncenter\"><a class=\"fusion-button button-flat fusion-button-default-size button-default fusion-button-default button-1 fusion-button-default-span fusion-button-default-type\" target=\"_self\" href=\"https:\/\/disruptivne.com\/sk\/kontakt\/\"><span class=\"fusion-button-text\">Skontaktujte n\u00e1s<\/span><\/a><\/div><div class=\"fusion-clearfix\"><\/div><\/div><\/div><\/div><\/div>\n<\/p>\n","protected":false},"excerpt":{"rendered":"","protected":false},"author":1,"featured_media":0,"parent":520,"menu_order":0,"comment_status":"closed","ping_status":"closed","template":"100-width.php","meta":{"footnotes":""},"yoast_head":"<!-- This site is optimized with the Yoast SEO plugin v22.8 - https:\/\/yoast.com\/wordpress\/plugins\/seo\/ -->\n<title>Sebarozvoj - disruptivne.com<\/title>\n<meta name=\"robots\" content=\"index, follow, max-snippet:-1, max-image-preview:large, max-video-preview:-1\" \/>\n<link rel=\"canonical\" href=\"https:\/\/disruptivne.com\/sk\/nase-riesenia\/sebarozvoj\/\" \/>\n<meta property=\"og:locale\" content=\"sk_SK\" \/>\n<meta property=\"og:type\" content=\"article\" \/>\n<meta property=\"og:title\" content=\"Sebarozvoj - disruptivne.com\" \/>\n<meta property=\"og:url\" content=\"https:\/\/disruptivne.com\/sk\/nase-riesenia\/sebarozvoj\/\" \/>\n<meta property=\"og:site_name\" content=\"disruptivne.com\" \/>\n<meta property=\"article:modified_time\" content=\"2019-11-27T22:53:27+00:00\" \/>\n<meta name=\"twitter:card\" content=\"summary_large_image\" \/>\n<meta name=\"twitter:label1\" content=\"Predpokladan\u00fd \u010das \u010d\u00edtania\" \/>\n\t<meta name=\"twitter:data1\" content=\"8 min\u00fat\" \/>\n<script type=\"application\/ld+json\" class=\"yoast-schema-graph\">{\"@context\":\"https:\/\/schema.org\",\"@graph\":[{\"@type\":\"WebPage\",\"@id\":\"https:\/\/disruptivne.com\/sk\/nase-riesenia\/sebarozvoj\/\",\"url\":\"https:\/\/disruptivne.com\/sk\/nase-riesenia\/sebarozvoj\/\",\"name\":\"Sebarozvoj - disruptivne.com\",\"isPartOf\":{\"@id\":\"https:\/\/disruptivne.com\/sk\/#website\"},\"datePublished\":\"2019-11-26T10:10:44+00:00\",\"dateModified\":\"2019-11-27T22:53:27+00:00\",\"breadcrumb\":{\"@id\":\"https:\/\/disruptivne.com\/sk\/nase-riesenia\/sebarozvoj\/#breadcrumb\"},\"inLanguage\":\"sk-SK\",\"potentialAction\":[{\"@type\":\"ReadAction\",\"target\":[\"https:\/\/disruptivne.com\/sk\/nase-riesenia\/sebarozvoj\/\"]}]},{\"@type\":\"BreadcrumbList\",\"@id\":\"https:\/\/disruptivne.com\/sk\/nase-riesenia\/sebarozvoj\/#breadcrumb\",\"itemListElement\":[{\"@type\":\"ListItem\",\"position\":1,\"name\":\"Home\",\"item\":\"https:\/\/disruptivne.com\/sk\/\"},{\"@type\":\"ListItem\",\"position\":2,\"name\":\"Na\u0161e rie\u0161enia\",\"item\":\"https:\/\/disruptivne.com\/sk\/our-solutions\/\"},{\"@type\":\"ListItem\",\"position\":3,\"name\":\"Sebarozvoj\"}]},{\"@type\":\"WebSite\",\"@id\":\"https:\/\/disruptivne.com\/sk\/#website\",\"url\":\"https:\/\/disruptivne.com\/sk\/\",\"name\":\"disruptivne.com\",\"description\":\"\",\"potentialAction\":[{\"@type\":\"SearchAction\",\"target\":{\"@type\":\"EntryPoint\",\"urlTemplate\":\"https:\/\/disruptivne.com\/sk\/?s={search_term_string}\"},\"query-input\":\"required name=search_term_string\"}],\"inLanguage\":\"sk-SK\"}]}<\/script>\n<!-- \/ Yoast SEO plugin. -->","yoast_head_json":{"title":"Sebarozvoj - disruptivne.com","robots":{"index":"index","follow":"follow","max-snippet":"max-snippet:-1","max-image-preview":"max-image-preview:large","max-video-preview":"max-video-preview:-1"},"canonical":"https:\/\/disruptivne.com\/sk\/nase-riesenia\/sebarozvoj\/","og_locale":"sk_SK","og_type":"article","og_title":"Sebarozvoj - disruptivne.com","og_url":"https:\/\/disruptivne.com\/sk\/nase-riesenia\/sebarozvoj\/","og_site_name":"disruptivne.com","article_modified_time":"2019-11-27T22:53:27+00:00","twitter_card":"summary_large_image","twitter_misc":{"Predpokladan\u00fd \u010das \u010d\u00edtania":"8 min\u00fat"},"schema":{"@context":"https:\/\/schema.org","@graph":[{"@type":"WebPage","@id":"https:\/\/disruptivne.com\/sk\/nase-riesenia\/sebarozvoj\/","url":"https:\/\/disruptivne.com\/sk\/nase-riesenia\/sebarozvoj\/","name":"Sebarozvoj - disruptivne.com","isPartOf":{"@id":"https:\/\/disruptivne.com\/sk\/#website"},"datePublished":"2019-11-26T10:10:44+00:00","dateModified":"2019-11-27T22:53:27+00:00","breadcrumb":{"@id":"https:\/\/disruptivne.com\/sk\/nase-riesenia\/sebarozvoj\/#breadcrumb"},"inLanguage":"sk-SK","potentialAction":[{"@type":"ReadAction","target":["https:\/\/disruptivne.com\/sk\/nase-riesenia\/sebarozvoj\/"]}]},{"@type":"BreadcrumbList","@id":"https:\/\/disruptivne.com\/sk\/nase-riesenia\/sebarozvoj\/#breadcrumb","itemListElement":[{"@type":"ListItem","position":1,"name":"Home","item":"https:\/\/disruptivne.com\/sk\/"},{"@type":"ListItem","position":2,"name":"Na\u0161e rie\u0161enia","item":"https:\/\/disruptivne.com\/sk\/our-solutions\/"},{"@type":"ListItem","position":3,"name":"Sebarozvoj"}]},{"@type":"WebSite","@id":"https:\/\/disruptivne.com\/sk\/#website","url":"https:\/\/disruptivne.com\/sk\/","name":"disruptivne.com","description":"","potentialAction":[{"@type":"SearchAction","target":{"@type":"EntryPoint","urlTemplate":"https:\/\/disruptivne.com\/sk\/?s={search_term_string}"},"query-input":"required name=search_term_string"}],"inLanguage":"sk-SK"}]}},"_links":{"self":[{"href":"https:\/\/disruptivne.com\/sk\/wp-json\/wp\/v2\/pages\/470"}],"collection":[{"href":"https:\/\/disruptivne.com\/sk\/wp-json\/wp\/v2\/pages"}],"about":[{"href":"https:\/\/disruptivne.com\/sk\/wp-json\/wp\/v2\/types\/page"}],"author":[{"embeddable":true,"href":"https:\/\/disruptivne.com\/sk\/wp-json\/wp\/v2\/users\/1"}],"replies":[{"embeddable":true,"href":"https:\/\/disruptivne.com\/sk\/wp-json\/wp\/v2\/comments?post=470"}],"version-history":[{"count":2,"href":"https:\/\/disruptivne.com\/sk\/wp-json\/wp\/v2\/pages\/470\/revisions"}],"predecessor-version":[{"id":564,"href":"https:\/\/disruptivne.com\/sk\/wp-json\/wp\/v2\/pages\/470\/revisions\/564"}],"up":[{"embeddable":true,"href":"https:\/\/disruptivne.com\/sk\/wp-json\/wp\/v2\/pages\/520"}],"wp:attachment":[{"href":"https:\/\/disruptivne.com\/sk\/wp-json\/wp\/v2\/media?parent=470"}],"curies":[{"name":"wp","href":"https:\/\/api.w.org\/{rel}","templated":true}]}}