{"id":494,"date":"2019-11-26T11:21:39","date_gmt":"2019-11-26T10:21:39","guid":{"rendered":"https:\/\/disruptivne.com\/kontakt\/"},"modified":"2024-11-30T09:41:30","modified_gmt":"2024-11-30T08:41:30","slug":"kontakt","status":"publish","type":"page","link":"https:\/\/disruptivne.com\/sk\/kontakt\/","title":{"rendered":"Kontakt"},"content":{"rendered":"<p><div class=\"fusion-fullwidth fullwidth-box fusion-builder-row-1 hundred-percent-fullwidth non-hundred-percent-height-scrolling\" style=\"--awb-border-radius-top-left:0px;--awb-border-radius-top-right:0px;--awb-border-radius-bottom-right:0px;--awb-border-radius-bottom-left:0px;--awb-padding-right:0px;--awb-padding-left:0px;--awb-margin-bottom:0px;--awb-flex-wrap:wrap;\" ><div class=\"fusion-builder-row fusion-row\"><div class=\"fusion-layout-column fusion_builder_column fusion-builder-column-0 fusion_builder_column_1_2 1_2 fusion-one-half fusion-column-first\" style=\"--awb-padding-top:60px;--awb-padding-right:17%;--awb-padding-bottom:60px;--awb-padding-left:17%;--awb-bg-size:cover;--awb-margin-bottom:0px;width:50%;width:calc(50% - ( ( 4% ) * 0.5 ) );margin-right: 4%;\"><div class=\"fusion-column-wrapper fusion-column-has-shadow fusion-flex-column-wrapper-legacy\"><div class=\"fusion-title title fusion-title-1 fusion-sep-none fusion-title-text fusion-title-size-one\"><h1 class=\"fusion-title-heading title-heading-left\" style=\"margin:0;\">Kontaktn\u00e9 inform\u00e1cie<\/h1><\/div><div class=\"fusion-content-boxes content-boxes columns row fusion-columns-1 fusion-columns-total-4 fusion-content-boxes-1 content-boxes-icon-on-side content-left\" style=\"--awb-body-color:#282828;--awb-title-color:#bb13a0;--awb-iconcolor:#bb13a0;--awb-margin-bottom:0px;--awb-hover-accent-color:#bb13a0;--awb-circle-hover-accent-color:transparent;--awb-item-margin-bottom:40px;\" data-animationOffset=\"top-into-view\"><div style=\"--awb-backgroundcolor:rgba(255,255,255,0);--awb-iconcolor:#bb13a0;--awb-content-padding-left:60px;\" class=\"fusion-column content-box-column content-box-column content-box-column-1 col-lg-12 col-md-12 col-sm-12 fusion-content-box-hover content-box-column-last-in-row\"><div class=\"col content-box-wrapper content-wrapper link-area-link-icon icon-hover-animation-fade\" data-animationOffset=\"top-into-view\"><div class=\"heading heading-with-icon icon-left\"><div aria-hidden=\"true\" class=\"image\"><img decoding=\"async\" src=\"https:\/\/disruptivne.com\/wp-content\/uploads\/2019\/08\/disruptivne-znak.png\" width=\"40\" height=\"36\" alt=\"\" \/><\/div><h2 class=\"content-box-heading\" style=\"--h2_typography-font-size:18px;line-height:23px;padding-left:60px;\">DISRUPTIVNE s.r.o.<\/h2><\/div><div class=\"fusion-clearfix\"><\/div><div class=\"content-container\">\n<p>I\u010cO: 52172465<br \/>\nDI\u010c: 2120926478<br \/>\nI\u010c DPH: SK2120926478<\/p>\n<ul>\n<li>Spolo\u010dnos\u0165 zap\u00edsan\u00e1 v registri:\n<ul>\n<li>Okresn\u00fd s\u00fad \u017dilina<\/li>\n<li>Vlo\u017eka \u010d\u00edslo: 71536\/L<\/li>\n<li>Krajina: Slovensko, E\u00da<\/li>\n<\/ul>\n<\/li>\n<li>In\u00e9 identifik\u00e1tory:\n<ul>\n<li>LEI: 097900CAKA0000042849<\/li>\n<li>IB: U5950684<\/li>\n<li>DUNS: 496286015<\/li>\n<\/ul>\n<\/li>\n<\/ul>\n<\/div><\/div><\/div><div style=\"--awb-backgroundcolor:rgba(255,255,255,0);--awb-iconcolor:#bb13a0;--awb-content-padding-left:50px;\" class=\"fusion-column content-box-column content-box-column content-box-column-2 col-lg-12 col-md-12 col-sm-12 fusion-content-box-hover content-box-column-last-in-row\"><div class=\"col content-box-wrapper content-wrapper link-area-link-icon icon-hover-animation-fade\" data-animationOffset=\"top-into-view\"><div class=\"heading heading-with-icon icon-left\"><div class=\"icon\"><i style=\"background-color:transparent;border-color:transparent;height:auto;width: 30px;line-height:normal;font-size:30px;\" aria-hidden=\"true\" class=\"fontawesome-icon fa-map-marker-alt fas circle-no\"><\/i><\/div><h2 class=\"content-box-heading\" style=\"--h2_typography-font-size:18px;line-height:23px;padding-left:50px;\">Adresa<\/h2><\/div><div class=\"fusion-clearfix\"><\/div><div class=\"content-container\">\n<p>Dedinsk\u00e1 52\/141<br \/>\n010 01 \u017dilina, Slovensko<\/p>\n<\/div><\/div><\/div><div style=\"--awb-backgroundcolor:rgba(255,255,255,0);--awb-iconcolor:#bb13a0;--awb-content-padding-left:50px;\" class=\"fusion-column content-box-column content-box-column content-box-column-3 col-lg-12 col-md-12 col-sm-12 fusion-content-box-hover content-box-column-last-in-row\"><div class=\"col content-box-wrapper content-wrapper link-area-link-icon icon-hover-animation-fade\" data-animationOffset=\"top-into-view\"><div class=\"heading heading-with-icon icon-left\"><div class=\"icon\"><i style=\"background-color:transparent;border-color:transparent;height:auto;width: 30px;line-height:normal;font-size:30px;\" aria-hidden=\"true\" class=\"fontawesome-icon fa-user-alt fas circle-no\"><\/i><\/div><h2 class=\"content-box-heading\" style=\"--h2_typography-font-size:18px;line-height:23px;padding-left:50px;\">Kontakt<\/h2><\/div><div class=\"fusion-clearfix\"><\/div><div class=\"content-container\">\n<p><strong>R\u00f3bert \u010eurec<\/strong><br \/>\n<a href=\"tel:+421949423535\">+421 949 423535<\/a><br \/>\n<a href=\"mailto:team@disruptivne.com\">team@disruptivne.com<\/a><\/p>\n<\/div><\/div><\/div><div style=\"--awb-backgroundcolor:rgba(255,255,255,0);--awb-iconcolor:#bb13a0;--awb-content-padding-left:50px;\" class=\"fusion-column content-box-column content-box-column content-box-column-4 col-lg-12 col-md-12 col-sm-12 fusion-content-box-hover content-box-column-last content-box-column-last-in-row\"><div class=\"col content-box-wrapper content-wrapper link-area-link-icon icon-hover-animation-fade\" data-animationOffset=\"top-into-view\"><div class=\"heading heading-with-icon icon-left\"><div class=\"icon\"><i style=\"background-color:transparent;border-color:transparent;height:auto;width: 30px;line-height:normal;font-size:30px;\" aria-hidden=\"true\" class=\"fontawesome-icon fa-university fas circle-no\"><\/i><\/div><h2 class=\"content-box-heading\" style=\"--h2_typography-font-size:18px;line-height:23px;padding-left:50px;\">Bankov\u00e9 spojenie<\/h2><\/div><div class=\"fusion-clearfix\"><\/div><div class=\"content-container\">\n<p>Platobn\u00fd formul\u00e1r:<\/p>\n<p>IBAN: SK5183300000002601589227<br \/>\nBIC\/SWIFT: FIOZSKBAXXX<\/p>\n<\/div><\/div><\/div><div class=\"fusion-clearfix\"><\/div><\/div><div class=\"fusion-clearfix\"><\/div><\/div><\/div><div class=\"fusion-layout-column fusion_builder_column fusion-builder-column-1 fusion_builder_column_1_2 1_2 fusion-one-half fusion-column-last\" style=\"--awb-bg-size:cover;--awb-margin-bottom:0px;width:50%;width:calc(50% - ( ( 4% ) * 0.5 ) );\"><div class=\"fusion-column-wrapper fusion-column-has-shadow fusion-flex-column-wrapper-legacy\"><iframe src=\"https:\/\/www.google.com\/maps\/embed?pb=!1m18!1m12!1m3!1d2605.1787102318435!2d18.702651015653316!3d49.2351008793262!2m3!1f0!2f0!3f0!3m2!1i1024!2i768!4f13.1!3m3!1m2!1s0x47145c2b3b10b0c5:0x6cb8b7dba96a2399!2zRGVkaW5za8OhIDUyLzE0MSwgMDEwIDAxIMW9aWxpbmEtU3Ryw6HFvm92!5e0!3m2!1ssk!2ssk!4v1565451540832!5m2!1ssk!2ssk\" width=\"100%\" height=\"710px\" frameborder=\"0\" style=\"border:0\" allowfullscreen=\"\"><\/iframe><div class=\"fusion-clearfix\"><\/div><\/div><\/div><\/div><\/div><div class=\"fusion-fullwidth fullwidth-box fusion-builder-row-2 small-up nonhundred-percent-fullwidth non-hundred-percent-height-scrolling\" style=\"--awb-border-radius-top-left:0px;--awb-border-radius-top-right:0px;--awb-border-radius-bottom-right:0px;--awb-border-radius-bottom-left:0px;--awb-padding-top:60px;--awb-padding-bottom:40px;--awb-background-color:#f5f5f5;--awb-flex-wrap:wrap;\" ><div class=\"fusion-builder-row fusion-row\"><div class=\"fusion-layout-column fusion_builder_column fusion-builder-column-2 fusion_builder_column_1_6 1_6 fusion-one-sixth fusion-column-first\" style=\"--awb-bg-size:cover;width:16.666666666667%;width:calc(16.666666666667% - ( ( 4% + 4% ) * 0.16666666666667 ) );margin-right: 4%;\"><div class=\"fusion-column-wrapper fusion-column-has-shadow fusion-flex-column-wrapper-legacy\"><div class=\"fusion-clearfix\"><\/div><\/div><\/div><div class=\"fusion-layout-column fusion_builder_column fusion-builder-column-3 fusion_builder_column_2_3 2_3 fusion-two-third\" style=\"--awb-bg-size:cover;width:66.666666666667%;width:calc(66.666666666667% - ( ( 4% + 4% ) * 0.66666666666667 ) );margin-right: 4%;\"><div class=\"fusion-column-wrapper fusion-column-has-shadow fusion-flex-column-wrapper-legacy\"><div class=\"fusion-title title fusion-title-2 fusion-sep-none fusion-title-center fusion-title-text fusion-title-size-four\" style=\"--awb-text-color:#ff00ff;--awb-margin-bottom:10px;\"><h4 class=\"fusion-title-heading title-heading-center\" style=\"margin:0;\">RADI V\u00c1M POM\u00d4\u017dEME<\/h4><\/div><div class=\"fusion-title title fusion-title-3 fusion-sep-none fusion-title-center fusion-title-text fusion-title-size-one\"><h1 class=\"fusion-title-heading title-heading-center\" style=\"margin:0;\">NAP\u00cd\u0160TE N\u00c1M<\/h1><\/div>[contact-form-7 id=\"6\" title=\"Kontaktn\u00fd formul\u00e1r 1\"]<div class=\"fusion-clearfix\"><\/div><\/div><\/div><div class=\"fusion-layout-column fusion_builder_column fusion-builder-column-4 fusion_builder_column_1_6 1_6 fusion-one-sixth fusion-column-last\" style=\"--awb-bg-size:cover;width:16.666666666667%;width:calc(16.666666666667% - ( ( 4% + 4% ) * 0.16666666666667 ) );\"><div class=\"fusion-column-wrapper fusion-column-has-shadow fusion-flex-column-wrapper-legacy\"><div class=\"fusion-clearfix\"><\/div><\/div><\/div><\/div><\/div><\/p>\n","protected":false},"excerpt":{"rendered":"","protected":false},"author":1,"featured_media":0,"parent":0,"menu_order":0,"comment_status":"closed","ping_status":"closed","template":"100-width.php","meta":{"footnotes":""},"yoast_head":"<!-- This site is optimized with the Yoast SEO plugin v22.8 - https:\/\/yoast.com\/wordpress\/plugins\/seo\/ -->\n<title>Kontakt - disruptivne.com<\/title>\n<meta name=\"robots\" content=\"index, follow, max-snippet:-1, max-image-preview:large, max-video-preview:-1\" \/>\n<link rel=\"canonical\" href=\"https:\/\/disruptivne.com\/sk\/kontakt\/\" \/>\n<meta property=\"og:locale\" content=\"sk_SK\" \/>\n<meta property=\"og:type\" content=\"article\" \/>\n<meta property=\"og:title\" content=\"Kontakt - disruptivne.com\" \/>\n<meta property=\"og:url\" content=\"https:\/\/disruptivne.com\/sk\/kontakt\/\" \/>\n<meta property=\"og:site_name\" content=\"disruptivne.com\" \/>\n<meta property=\"article:modified_time\" content=\"2024-11-30T08:41:30+00:00\" \/>\n<meta name=\"twitter:card\" content=\"summary_large_image\" \/>\n<meta name=\"twitter:label1\" content=\"Predpokladan\u00fd \u010das \u010d\u00edtania\" \/>\n\t<meta name=\"twitter:data1\" content=\"7 min\u00fat\" \/>\n<script type=\"application\/ld+json\" class=\"yoast-schema-graph\">{\"@context\":\"https:\/\/schema.org\",\"@graph\":[{\"@type\":\"WebPage\",\"@id\":\"https:\/\/disruptivne.com\/sk\/kontakt\/\",\"url\":\"https:\/\/disruptivne.com\/sk\/kontakt\/\",\"name\":\"Kontakt - disruptivne.com\",\"isPartOf\":{\"@id\":\"https:\/\/disruptivne.com\/sk\/#website\"},\"datePublished\":\"2019-11-26T10:21:39+00:00\",\"dateModified\":\"2024-11-30T08:41:30+00:00\",\"breadcrumb\":{\"@id\":\"https:\/\/disruptivne.com\/sk\/kontakt\/#breadcrumb\"},\"inLanguage\":\"sk-SK\",\"potentialAction\":[{\"@type\":\"ReadAction\",\"target\":[\"https:\/\/disruptivne.com\/sk\/kontakt\/\"]}]},{\"@type\":\"BreadcrumbList\",\"@id\":\"https:\/\/disruptivne.com\/sk\/kontakt\/#breadcrumb\",\"itemListElement\":[{\"@type\":\"ListItem\",\"position\":1,\"name\":\"Home\",\"item\":\"https:\/\/disruptivne.com\/sk\/\"},{\"@type\":\"ListItem\",\"position\":2,\"name\":\"Kontakt\"}]},{\"@type\":\"WebSite\",\"@id\":\"https:\/\/disruptivne.com\/sk\/#website\",\"url\":\"https:\/\/disruptivne.com\/sk\/\",\"name\":\"disruptivne.com\",\"description\":\"\",\"potentialAction\":[{\"@type\":\"SearchAction\",\"target\":{\"@type\":\"EntryPoint\",\"urlTemplate\":\"https:\/\/disruptivne.com\/sk\/?s={search_term_string}\"},\"query-input\":\"required name=search_term_string\"}],\"inLanguage\":\"sk-SK\"}]}<\/script>\n<!-- \/ Yoast SEO plugin. -->","yoast_head_json":{"title":"Kontakt - disruptivne.com","robots":{"index":"index","follow":"follow","max-snippet":"max-snippet:-1","max-image-preview":"max-image-preview:large","max-video-preview":"max-video-preview:-1"},"canonical":"https:\/\/disruptivne.com\/sk\/kontakt\/","og_locale":"sk_SK","og_type":"article","og_title":"Kontakt - disruptivne.com","og_url":"https:\/\/disruptivne.com\/sk\/kontakt\/","og_site_name":"disruptivne.com","article_modified_time":"2024-11-30T08:41:30+00:00","twitter_card":"summary_large_image","twitter_misc":{"Predpokladan\u00fd \u010das \u010d\u00edtania":"7 min\u00fat"},"schema":{"@context":"https:\/\/schema.org","@graph":[{"@type":"WebPage","@id":"https:\/\/disruptivne.com\/sk\/kontakt\/","url":"https:\/\/disruptivne.com\/sk\/kontakt\/","name":"Kontakt - disruptivne.com","isPartOf":{"@id":"https:\/\/disruptivne.com\/sk\/#website"},"datePublished":"2019-11-26T10:21:39+00:00","dateModified":"2024-11-30T08:41:30+00:00","breadcrumb":{"@id":"https:\/\/disruptivne.com\/sk\/kontakt\/#breadcrumb"},"inLanguage":"sk-SK","potentialAction":[{"@type":"ReadAction","target":["https:\/\/disruptivne.com\/sk\/kontakt\/"]}]},{"@type":"BreadcrumbList","@id":"https:\/\/disruptivne.com\/sk\/kontakt\/#breadcrumb","itemListElement":[{"@type":"ListItem","position":1,"name":"Home","item":"https:\/\/disruptivne.com\/sk\/"},{"@type":"ListItem","position":2,"name":"Kontakt"}]},{"@type":"WebSite","@id":"https:\/\/disruptivne.com\/sk\/#website","url":"https:\/\/disruptivne.com\/sk\/","name":"disruptivne.com","description":"","potentialAction":[{"@type":"SearchAction","target":{"@type":"EntryPoint","urlTemplate":"https:\/\/disruptivne.com\/sk\/?s={search_term_string}"},"query-input":"required name=search_term_string"}],"inLanguage":"sk-SK"}]}},"_links":{"self":[{"href":"https:\/\/disruptivne.com\/sk\/wp-json\/wp\/v2\/pages\/494"}],"collection":[{"href":"https:\/\/disruptivne.com\/sk\/wp-json\/wp\/v2\/pages"}],"about":[{"href":"https:\/\/disruptivne.com\/sk\/wp-json\/wp\/v2\/types\/page"}],"author":[{"embeddable":true,"href":"https:\/\/disruptivne.com\/sk\/wp-json\/wp\/v2\/users\/1"}],"replies":[{"embeddable":true,"href":"https:\/\/disruptivne.com\/sk\/wp-json\/wp\/v2\/comments?post=494"}],"version-history":[{"count":16,"href":"https:\/\/disruptivne.com\/sk\/wp-json\/wp\/v2\/pages\/494\/revisions"}],"predecessor-version":[{"id":6263,"href":"https:\/\/disruptivne.com\/sk\/wp-json\/wp\/v2\/pages\/494\/revisions\/6263"}],"wp:attachment":[{"href":"https:\/\/disruptivne.com\/sk\/wp-json\/wp\/v2\/media?parent=494"}],"curies":[{"name":"wp","href":"https:\/\/api.w.org\/{rel}","templated":true}]}}