{"id":530,"date":"2019-11-26T14:30:12","date_gmt":"2019-11-26T13:30:12","guid":{"rendered":"https:\/\/disruptivne.com\/nasa-siet\/kariera\/"},"modified":"2020-09-29T13:55:34","modified_gmt":"2020-09-29T11:55:34","slug":"kariera","status":"publish","type":"page","link":"https:\/\/disruptivne.com\/sk\/nasa-siet\/kariera\/","title":{"rendered":"Kari\u00e9ra"},"content":{"rendered":"<p><div class=\"fusion-fullwidth fullwidth-box fusion-builder-row-1 nonhundred-percent-fullwidth non-hundred-percent-height-scrolling\" style=\"--awb-border-radius-top-left:0px;--awb-border-radius-top-right:0px;--awb-border-radius-bottom-right:0px;--awb-border-radius-bottom-left:0px;--awb-padding-bottom:40px;--awb-flex-wrap:wrap;\" ><div class=\"fusion-builder-row fusion-row\"><div class=\"fusion-layout-column fusion_builder_column fusion-builder-column-0 fusion_builder_column_2_5 2_5 fusion-two-fifth fusion-column-first fusion-animated\" style=\"--awb-bg-size:cover;width:40%;width:calc(40% - ( ( 4% ) * 0.4 ) );margin-right: 4%;\" data-animationType=\"fadeInLeft\" data-animationDuration=\"0.3\" data-animationOffset=\"top-into-view\"><div class=\"fusion-column-wrapper fusion-column-has-shadow fusion-flex-column-wrapper-legacy\"><div class=\"fusion-image-element in-legacy-container\" style=\"--awb-caption-title-font-family:var(--h2_typography-font-family);--awb-caption-title-font-weight:var(--h2_typography-font-weight);--awb-caption-title-font-style:var(--h2_typography-font-style);--awb-caption-title-size:var(--h2_typography-font-size);--awb-caption-title-transform:var(--h2_typography-text-transform);--awb-caption-title-line-height:var(--h2_typography-line-height);--awb-caption-title-letter-spacing:var(--h2_typography-letter-spacing);\"><span class=\" fusion-imageframe imageframe-none imageframe-1 hover-type-none\"><img decoding=\"async\" width=\"488\" height=\"556\" title=\"img-about\" src=\"https:\/\/disruptivne.com\/wp-content\/uploads\/2019\/08\/img-about.jpg\" alt class=\"img-responsive wp-image-417\" srcset=\"https:\/\/disruptivne.com\/wp-content\/uploads\/2019\/08\/img-about-200x228.jpg 200w, https:\/\/disruptivne.com\/wp-content\/uploads\/2019\/08\/img-about-400x456.jpg 400w, https:\/\/disruptivne.com\/wp-content\/uploads\/2019\/08\/img-about.jpg 488w\" sizes=\"(max-width: 900px) 100vw, 488px\" \/><\/span><\/div><div class=\"fusion-clearfix\"><\/div><\/div><\/div><div class=\"fusion-layout-column fusion_builder_column fusion-builder-column-1 fusion_builder_column_3_5 3_5 fusion-three-fifth fusion-column-last fusion-animated\" style=\"--awb-bg-size:cover;width:60%;width:calc(60% - ( ( 4% ) * 0.6 ) );\" data-animationType=\"fadeInRight\" data-animationDuration=\"0.3\" data-animationOffset=\"top-into-view\"><div class=\"fusion-column-wrapper fusion-column-has-shadow fusion-flex-column-wrapper-legacy\"><div class=\"fusion-title title fusion-title-1 fusion-sep-none fusion-title-text fusion-title-size-two\"><h2 class=\"fusion-title-heading title-heading-left\" style=\"margin:0;\">Pr\u00e1ca v DISRUPTIVNE nie je pr\u00e1ca. Je to cesta.<\/h2><\/div><div class=\"fusion-text fusion-text-1\"><p><strong>Zop\u00e1r slov od zakladate\u013ea DISRUPTIVNE<\/strong><\/p>\n<p>Dlho som pre seba h\u013eadal ide\u00e1lnu pr\u00e1cu. Tak\u00fa pr\u00e1cu, kde budem \u0161\u0165astn\u00fd, dobre zarob\u00edm a s jej podporou budem \u017ei\u0165 v\u00fdnimo\u010dn\u00fd \u017eivot.<\/p>\n<p>Ide\u00e1lna pr\u00e1ca, ktor\u00e1 ma podpor\u00ed dosiahnu\u0165 harm\u00f3niu v 5-tich hlavn\u00fdch oblastiach \u017eivota:<\/p>\n<ol>\n<li>Pr\u00e1ca a podnikanie<\/li>\n<li>Peniaze a majetok<\/li>\n<li>Rodina a vz\u0165ahy<\/li>\n<li>Zdravie<\/li>\n<li>Sebarozvoj<\/li>\n<\/ol>\n<p>Nedok\u00e1zal som tak\u00fa pr\u00e1cu n\u00e1js\u0165. V\u0161etky pracovn\u00e9 poz\u00edcie ma tla\u010dili: Bu\u010f Alebo&#8230; Preto som sa rozhodol tak\u00fa pr\u00e1cu pre seba aj in\u00fdch vytvori\u0165.<\/p>\n<p>Zistil som, \u010do n\u00e1s najviac \u0165a\u017e\u00ed a blokuje. Je to strach, \u017ee zist\u00edme o sebe nie\u010do ve\u013emi negat\u00edvne. \u017de n\u00e1jdeme v sebe obrovsk\u00fa boles\u0165, ktor\u00e1 n\u00e1s paralyzuje. Preto sme sa nau\u010dili ignorova\u0165 t\u00fato boles\u0165 a zatla\u010di\u0165 ju do podvedomia ako tabu. Nau\u010dili sme sa predstiera\u0165, \u017ee sme siln\u00ed a nem\u00e1me probl\u00e9my. Tak ni\u010d\u00edme sami seba a sk\u00f4r \u010di nesk\u00f4r sa to prejav\u00ed na na\u0161ej n\u00e1lade, vz\u0165ahoch, zdrav\u00ed. Preto je pod\u013ea m\u0148a dnes tak ve\u013ea ne\u0161\u0165astn\u00fdch \u013eud\u00ed bl\u00edzko vyhorenia.<\/p>\n<p>DISRUPTIVNE je odli\u0161n\u00e9. Staviame na z\u00e1sad\u00e1ch ako \u010destnos\u0165, \u00faprimnos\u0165 a otvoren\u00e1 sp\u00e4tn\u00e1 v\u00e4zba. Vyu\u017e\u00edvame overen\u00e9 terapeutick\u00e9 techniky, ktor\u00e9 n\u00e1m pom\u00e1haj\u00fa vyrovna\u0165 sa s boles\u0165ou a umo\u017e\u0148uj\u00fa r\u00fdchlej\u0161ie r\u00e1s\u0165. Preto\u017ee kde zmizne boles\u0165, tam sa objav\u00ed \u0161\u0165astie a rados\u0165.<\/p>\n<p><strong>Ako n\u00e1m tento pr\u00edstup pom\u00e1ha pri pr\u00e1ci?<\/strong><\/p>\n<p>V\u010faka men\u0161iemu stresu m\u00e1me viac radosti pri pr\u00e1ci, menej chor\u00fdch \u013eud\u00ed na PN a z\u00e1rove\u0148 vy\u0161\u0161iu produktivitu.<\/p>\n<p>V\u010faka \u00faprimn\u00fdm vz\u0165ahom sa c\u00edtime lep\u0161ie v pr\u00e1ci a \u013eah\u0161ie vieme pomenova\u0165 a vyrie\u0161i\u0165 probl\u00e9my.<\/p>\n<p>V\u010faka prijatiu zodpovednosti vieme, \u017ee nem\u00e1 zmysel pracova\u0165 nad\u010das, ale pracujeme \u010do najefekt\u00edvnej\u0161ie.<\/p>\n<p>A efektivita v pr\u00e1ci ide ruka v ruke s mo\u017enos\u0165ou pracova\u0165 menej ako 40 hod\u00edn t\u00fd\u017edenne spolu s pr\u00edle\u017eitos\u0165ou ma\u0165 viac vo\u013en\u00e9ho \u010dasu.<\/p>\n<p><strong>Viem, \u017ee nez\u00e1le\u017e\u00ed na tom, \u010do vie\u0161, ale z\u00e1le\u017e\u00ed, ak\u00fd si \u010dlovek.<\/strong><\/p>\n<p><strong>U\u017e mo\u017eno c\u00edti\u0161, \u017ee cesta v DISRUPTIVNE nie je pre ka\u017ed\u00e9ho, ale mo\u017eno je pre teba.<\/strong><\/p>\n<p><strong>Nevie\u0161 zatia\u013e, \u010do by si vedel robi\u0165 v DISRUPTIVNE?<\/strong><\/p>\n<p><strong>Nap\u00ed\u0161 mi a predebatujeme mo\u017enosti osobne.<\/strong><\/p>\n<\/div><div class=\"fusion-clearfix\"><\/div><\/div><\/div><\/div><\/div><div class=\"fusion-fullwidth fullwidth-box fusion-builder-row-2 nonhundred-percent-fullwidth non-hundred-percent-height-scrolling\" style=\"--awb-border-radius-top-left:0px;--awb-border-radius-top-right:0px;--awb-border-radius-bottom-right:0px;--awb-border-radius-bottom-left:0px;--awb-padding-top:40px;--awb-padding-bottom:20px;--awb-background-color:#151567;--awb-flex-wrap:wrap;\" ><div class=\"fusion-builder-row fusion-row\"><div class=\"fusion-layout-column fusion_builder_column fusion-builder-column-2 fusion_builder_column_3_4 3_4 fusion-three-fourth fusion-column-first fusion-animated\" style=\"--awb-bg-size:cover;width:75%;width:calc(75% - ( ( 4% ) * 0.75 ) );margin-right: 4%;\" data-animationType=\"fadeInUp\" data-animationDuration=\"0.5\" data-animationOffset=\"top-into-view\"><div class=\"fusion-column-wrapper fusion-column-has-shadow fusion-flex-column-wrapper-legacy\"><div class=\"fusion-title title fusion-title-2 fusion-sep-none fusion-title-center fusion-title-text fusion-title-size-two\" style=\"--awb-text-color:#ffffff;--awb-margin-bottom:0px;\"><h2 class=\"fusion-title-heading title-heading-center\" style=\"margin:0;\">ZISTI VIAC O KARI\u00c9RE V DISRUPTIVNE<\/h2><\/div><div class=\"fusion-clearfix\"><\/div><\/div><\/div><div class=\"fusion-layout-column fusion_builder_column fusion-builder-column-3 fusion_builder_column_1_4 1_4 fusion-one-fourth fusion-column-last fusion-animated\" style=\"--awb-bg-size:cover;width:25%;width:calc(25% - ( ( 4% ) * 0.25 ) );\" data-animationType=\"fadeInUp\" data-animationDuration=\"0.5\" data-animationOffset=\"top-into-view\"><div class=\"fusion-column-wrapper fusion-column-has-shadow fusion-flex-column-wrapper-legacy\"><div class=\"fusion-aligncenter\"><a class=\"fusion-button button-flat fusion-button-default-size button-default fusion-button-default button-1 fusion-button-default-span fusion-button-default-type\" target=\"_self\" href=\"http:\/\/disruptivne.com\/contact\/\"><span class=\"fusion-button-text\">Skontaktuj n\u00e1s<\/span><\/a><\/div><div class=\"fusion-clearfix\"><\/div><\/div><\/div><\/div><\/div>\n<\/p>\n","protected":false},"excerpt":{"rendered":"","protected":false},"author":1,"featured_media":0,"parent":516,"menu_order":0,"comment_status":"closed","ping_status":"closed","template":"100-width.php","meta":{"footnotes":""},"yoast_head":"<!-- This site is optimized with the Yoast SEO plugin v22.8 - https:\/\/yoast.com\/wordpress\/plugins\/seo\/ -->\n<title>Kari\u00e9ra - disruptivne.com<\/title>\n<meta name=\"robots\" content=\"index, follow, max-snippet:-1, max-image-preview:large, max-video-preview:-1\" \/>\n<link rel=\"canonical\" href=\"https:\/\/disruptivne.com\/sk\/nasa-siet\/kariera\/\" \/>\n<meta property=\"og:locale\" content=\"sk_SK\" \/>\n<meta property=\"og:type\" content=\"article\" \/>\n<meta property=\"og:title\" content=\"Kari\u00e9ra - disruptivne.com\" \/>\n<meta property=\"og:url\" content=\"https:\/\/disruptivne.com\/sk\/nasa-siet\/kariera\/\" \/>\n<meta property=\"og:site_name\" content=\"disruptivne.com\" \/>\n<meta property=\"article:modified_time\" content=\"2020-09-29T11:55:34+00:00\" \/>\n<meta name=\"twitter:card\" content=\"summary_large_image\" \/>\n<meta name=\"twitter:label1\" content=\"Predpokladan\u00fd \u010das \u010d\u00edtania\" \/>\n\t<meta name=\"twitter:data1\" content=\"7 min\u00fat\" \/>\n<script type=\"application\/ld+json\" class=\"yoast-schema-graph\">{\"@context\":\"https:\/\/schema.org\",\"@graph\":[{\"@type\":\"WebPage\",\"@id\":\"https:\/\/disruptivne.com\/sk\/nasa-siet\/kariera\/\",\"url\":\"https:\/\/disruptivne.com\/sk\/nasa-siet\/kariera\/\",\"name\":\"Kari\u00e9ra - disruptivne.com\",\"isPartOf\":{\"@id\":\"https:\/\/disruptivne.com\/sk\/#website\"},\"datePublished\":\"2019-11-26T13:30:12+00:00\",\"dateModified\":\"2020-09-29T11:55:34+00:00\",\"breadcrumb\":{\"@id\":\"https:\/\/disruptivne.com\/sk\/nasa-siet\/kariera\/#breadcrumb\"},\"inLanguage\":\"sk-SK\",\"potentialAction\":[{\"@type\":\"ReadAction\",\"target\":[\"https:\/\/disruptivne.com\/sk\/nasa-siet\/kariera\/\"]}]},{\"@type\":\"BreadcrumbList\",\"@id\":\"https:\/\/disruptivne.com\/sk\/nasa-siet\/kariera\/#breadcrumb\",\"itemListElement\":[{\"@type\":\"ListItem\",\"position\":1,\"name\":\"Home\",\"item\":\"https:\/\/disruptivne.com\/sk\/\"},{\"@type\":\"ListItem\",\"position\":2,\"name\":\"Na\u0161a sie\u0165\",\"item\":\"https:\/\/disruptivne.com\/sk\/our-network\/\"},{\"@type\":\"ListItem\",\"position\":3,\"name\":\"Kari\u00e9ra\"}]},{\"@type\":\"WebSite\",\"@id\":\"https:\/\/disruptivne.com\/sk\/#website\",\"url\":\"https:\/\/disruptivne.com\/sk\/\",\"name\":\"disruptivne.com\",\"description\":\"\",\"potentialAction\":[{\"@type\":\"SearchAction\",\"target\":{\"@type\":\"EntryPoint\",\"urlTemplate\":\"https:\/\/disruptivne.com\/sk\/?s={search_term_string}\"},\"query-input\":\"required name=search_term_string\"}],\"inLanguage\":\"sk-SK\"}]}<\/script>\n<!-- \/ Yoast SEO plugin. -->","yoast_head_json":{"title":"Kari\u00e9ra - disruptivne.com","robots":{"index":"index","follow":"follow","max-snippet":"max-snippet:-1","max-image-preview":"max-image-preview:large","max-video-preview":"max-video-preview:-1"},"canonical":"https:\/\/disruptivne.com\/sk\/nasa-siet\/kariera\/","og_locale":"sk_SK","og_type":"article","og_title":"Kari\u00e9ra - disruptivne.com","og_url":"https:\/\/disruptivne.com\/sk\/nasa-siet\/kariera\/","og_site_name":"disruptivne.com","article_modified_time":"2020-09-29T11:55:34+00:00","twitter_card":"summary_large_image","twitter_misc":{"Predpokladan\u00fd \u010das \u010d\u00edtania":"7 min\u00fat"},"schema":{"@context":"https:\/\/schema.org","@graph":[{"@type":"WebPage","@id":"https:\/\/disruptivne.com\/sk\/nasa-siet\/kariera\/","url":"https:\/\/disruptivne.com\/sk\/nasa-siet\/kariera\/","name":"Kari\u00e9ra - disruptivne.com","isPartOf":{"@id":"https:\/\/disruptivne.com\/sk\/#website"},"datePublished":"2019-11-26T13:30:12+00:00","dateModified":"2020-09-29T11:55:34+00:00","breadcrumb":{"@id":"https:\/\/disruptivne.com\/sk\/nasa-siet\/kariera\/#breadcrumb"},"inLanguage":"sk-SK","potentialAction":[{"@type":"ReadAction","target":["https:\/\/disruptivne.com\/sk\/nasa-siet\/kariera\/"]}]},{"@type":"BreadcrumbList","@id":"https:\/\/disruptivne.com\/sk\/nasa-siet\/kariera\/#breadcrumb","itemListElement":[{"@type":"ListItem","position":1,"name":"Home","item":"https:\/\/disruptivne.com\/sk\/"},{"@type":"ListItem","position":2,"name":"Na\u0161a sie\u0165","item":"https:\/\/disruptivne.com\/sk\/our-network\/"},{"@type":"ListItem","position":3,"name":"Kari\u00e9ra"}]},{"@type":"WebSite","@id":"https:\/\/disruptivne.com\/sk\/#website","url":"https:\/\/disruptivne.com\/sk\/","name":"disruptivne.com","description":"","potentialAction":[{"@type":"SearchAction","target":{"@type":"EntryPoint","urlTemplate":"https:\/\/disruptivne.com\/sk\/?s={search_term_string}"},"query-input":"required name=search_term_string"}],"inLanguage":"sk-SK"}]}},"_links":{"self":[{"href":"https:\/\/disruptivne.com\/sk\/wp-json\/wp\/v2\/pages\/530"}],"collection":[{"href":"https:\/\/disruptivne.com\/sk\/wp-json\/wp\/v2\/pages"}],"about":[{"href":"https:\/\/disruptivne.com\/sk\/wp-json\/wp\/v2\/types\/page"}],"author":[{"embeddable":true,"href":"https:\/\/disruptivne.com\/sk\/wp-json\/wp\/v2\/users\/1"}],"replies":[{"embeddable":true,"href":"https:\/\/disruptivne.com\/sk\/wp-json\/wp\/v2\/comments?post=530"}],"version-history":[{"count":10,"href":"https:\/\/disruptivne.com\/sk\/wp-json\/wp\/v2\/pages\/530\/revisions"}],"predecessor-version":[{"id":755,"href":"https:\/\/disruptivne.com\/sk\/wp-json\/wp\/v2\/pages\/530\/revisions\/755"}],"up":[{"embeddable":true,"href":"https:\/\/disruptivne.com\/sk\/wp-json\/wp\/v2\/pages\/516"}],"wp:attachment":[{"href":"https:\/\/disruptivne.com\/sk\/wp-json\/wp\/v2\/media?parent=530"}],"curies":[{"name":"wp","href":"https:\/\/api.w.org\/{rel}","templated":true}]}}