{"id":589,"date":"2019-11-28T00:16:12","date_gmt":"2019-11-27T23:16:12","guid":{"rendered":"https:\/\/disruptivne.com\/nase-riesenia\/it\/wise\/"},"modified":"2019-11-28T00:16:17","modified_gmt":"2019-11-27T23:16:17","slug":"wise","status":"publish","type":"page","link":"https:\/\/disruptivne.com\/sk\/nase-riesenia\/it\/wise\/","title":{"rendered":"Wise"},"content":{"rendered":"<p><div class=\"fusion-fullwidth fullwidth-box fusion-builder-row-1 nonhundred-percent-fullwidth non-hundred-percent-height-scrolling\" style=\"--awb-border-radius-top-left:0px;--awb-border-radius-top-right:0px;--awb-border-radius-bottom-right:0px;--awb-border-radius-bottom-left:0px;--awb-padding-bottom:40px;--awb-flex-wrap:wrap;\" ><div class=\"fusion-builder-row fusion-row\"><div class=\"fusion-layout-column fusion_builder_column fusion-builder-column-0 fusion_builder_column_1_6 1_6 fusion-one-sixth fusion-column-first fusion-animated\" style=\"--awb-bg-size:cover;width:16.666666666667%;width:calc(16.666666666667% - ( ( 4% ) * 0.16666666666667 ) );margin-right: 4%;\" data-animationType=\"fadeInLeft\" data-animationDuration=\"0.3\" data-animationOffset=\"top-into-view\"><div class=\"fusion-column-wrapper fusion-column-has-shadow fusion-flex-column-wrapper-legacy\"><div class=\"fusion-image-element in-legacy-container\" style=\"--awb-caption-title-font-family:var(--h2_typography-font-family);--awb-caption-title-font-weight:var(--h2_typography-font-weight);--awb-caption-title-font-style:var(--h2_typography-font-style);--awb-caption-title-size:var(--h2_typography-font-size);--awb-caption-title-transform:var(--h2_typography-text-transform);--awb-caption-title-line-height:var(--h2_typography-line-height);--awb-caption-title-letter-spacing:var(--h2_typography-letter-spacing);\"><span class=\" fusion-imageframe imageframe-none imageframe-1 hover-type-none\"><img decoding=\"async\" width=\"250\" height=\"250\" title=\"wise-icon\" src=\"https:\/\/disruptivne.com\/wp-content\/uploads\/2019\/11\/wise-icon.jpg\" alt class=\"img-responsive wp-image-591\" srcset=\"https:\/\/disruptivne.com\/wp-content\/uploads\/2019\/11\/wise-icon-200x200.jpg 200w, https:\/\/disruptivne.com\/wp-content\/uploads\/2019\/11\/wise-icon.jpg 250w\" sizes=\"(max-width: 900px) 100vw, 200px\" \/><\/span><\/div><div class=\"fusion-sep-clear\"><\/div><div class=\"fusion-separator fusion-full-width-sep\" style=\"margin-left: auto;margin-right: auto;margin-top:20px;width:100%;\"><\/div><div class=\"fusion-sep-clear\"><\/div><div class=\"fusion-align-block\"><a class=\"fusion-button button-flat fusion-button-default-size button-default fusion-button-default button-1 fusion-button-span-yes fusion-button-default-type\" target=\"_blank\" rel=\"noopener noreferrer\" href=\"#\"><span class=\"fusion-button-text\">Kurzy<\/span><\/a><\/div><div class=\"fusion-sep-clear\"><\/div><div class=\"fusion-separator fusion-full-width-sep\" style=\"margin-left: auto;margin-right: auto;margin-top:20px;width:100%;\"><\/div><div class=\"fusion-sep-clear\"><\/div><div class=\"fusion-align-block\"><a class=\"fusion-button button-flat fusion-button-default-size button-default fusion-button-default button-2 fusion-button-span-yes fusion-button-default-type\" target=\"_blank\" rel=\"noopener noreferrer\" href=\"#\"><span class=\"fusion-button-text\">Konzult\u00e1cie<\/span><\/a><\/div><div class=\"fusion-sep-clear\"><\/div><div class=\"fusion-separator fusion-full-width-sep\" style=\"margin-left: auto;margin-right: auto;margin-top:20px;width:100%;\"><\/div><div class=\"fusion-sep-clear\"><\/div><div class=\"fusion-align-block\"><a class=\"fusion-button button-flat fusion-button-default-size button-default fusion-button-default button-3 fusion-button-span-yes fusion-button-default-type\" target=\"_blank\" rel=\"noopener noreferrer\" href=\"#\"><span class=\"fusion-button-text\">Rie\u0161enia na k\u013e\u00fa\u010d<\/span><\/a><\/div><div class=\"fusion-clearfix\"><\/div><\/div><\/div><div class=\"fusion-layout-column fusion_builder_column fusion-builder-column-1 fusion_builder_column_5_6 5_6 fusion-five-sixth fusion-column-last fusion-animated\" style=\"--awb-bg-size:cover;width:83.333333333333%;width:calc(83.333333333333% - ( ( 4% ) * 0.83333333333333 ) );\" data-animationType=\"fadeInRight\" data-animationDuration=\"0.3\" data-animationOffset=\"top-into-view\"><div class=\"fusion-column-wrapper fusion-column-has-shadow fusion-flex-column-wrapper-legacy\"><div class=\"fusion-title title fusion-title-1 fusion-sep-none fusion-title-text fusion-title-size-one\"><h1 class=\"fusion-title-heading title-heading-left\" style=\"margin:0;\">WISE<\/h1><\/div><div class=\"fusion-text fusion-text-1\"><p>M\u00e1te nad hlavu ve\u013ea opakuj\u00facej sa excel pr\u00e1ce?<\/p>\n<p>\u010co keby niekto spravil t\u00fato pr\u00e1cu za V\u00e1s?<\/p>\n<p>Vo Wise sp\u00e1jame v\u00fdhody Excel VBA, Power Pivot a Power Query.<\/p>\n<p>V\u010faka Wise automatizujeme Excel svet.<\/p>\n<\/div><div class=\"fusion-clearfix\"><\/div><\/div><\/div><\/div><\/div><div class=\"fusion-fullwidth fullwidth-box fusion-builder-row-2 nonhundred-percent-fullwidth non-hundred-percent-height-scrolling fusion-equal-height-columns\" style=\"--awb-border-radius-top-left:0px;--awb-border-radius-top-right:0px;--awb-border-radius-bottom-right:0px;--awb-border-radius-bottom-left:0px;--awb-padding-bottom:50px;--awb-flex-wrap:wrap;\" ><div class=\"fusion-builder-row fusion-row\"><div class=\"fusion-layout-column fusion_builder_column fusion-builder-column-2 fusion_builder_column_1_2 1_2 fusion-one-half fusion-column-first fusion-animated\" style=\"--awb-padding-top:20px;--awb-padding-right:20px;--awb-padding-bottom:20px;--awb-padding-left:20px;--awb-bg-color:#f5f5f5;--awb-bg-color-hover:#f5f5f5;--awb-bg-size:cover;width:50%;width:calc(50% - ( ( 2% ) * 0.5 ) );margin-right: 2%;\" data-animationType=\"fadeInUp\" data-animationDuration=\"0.3\" data-animationOffset=\"top-into-view\"><div class=\"fusion-column-wrapper fusion-column-has-shadow fusion-flex-column-wrapper-legacy\"><div class=\"fusion-title title fusion-title-2 fusion-sep-none fusion-title-center fusion-title-text fusion-title-size-four\" style=\"--awb-margin-bottom:20px;\"><h4 class=\"fusion-title-heading title-heading-center\" style=\"margin:0;\">Pr\u00edklady z praxe<\/h4><\/div><div class=\"fusion-text fusion-text-2\"><ul>\n<li>pom\u00e1hame tam, kde treba na\u010d\u00edta\u0165 ve\u013ea excelov alebo generova\u0165 ve\u013ea excelov<\/li>\n<li>Vieme odbremeni\u0165 \u013eud\u00ed od pravidelnej excel pr\u00e1ce<\/li>\n<li>\u010casto na\u010d\u00edtavame d\u00e1ta priamo zo serverov<\/li>\n<li>\u010casto vytv\u00e1rame medzi\u010dl\u00e1nok ako presun\u00fa\u0165 d\u00e1ta z jedn\u00e9ho programu do druh\u00e9ho<\/li>\n<\/ul>\n<\/div><div class=\"fusion-clearfix\"><\/div><\/div><\/div><div class=\"fusion-layout-column fusion_builder_column fusion-builder-column-3 fusion_builder_column_1_2 1_2 fusion-one-half fusion-column-last fusion-animated\" style=\"--awb-padding-top:20px;--awb-padding-right:20px;--awb-padding-bottom:20px;--awb-padding-left:20px;--awb-bg-color:#f5f5f5;--awb-bg-color-hover:#f5f5f5;--awb-bg-size:cover;width:50%;width:calc(50% - ( ( 2% ) * 0.5 ) );\" data-animationType=\"fadeInUp\" data-animationDuration=\"0.3\" data-animationOffset=\"top-into-view\"><div class=\"fusion-column-wrapper fusion-column-has-shadow fusion-flex-column-wrapper-legacy\"><div class=\"fusion-title title fusion-title-3 fusion-sep-none fusion-title-center fusion-title-text fusion-title-size-four\" style=\"--awb-margin-bottom:20px;\"><h4 class=\"fusion-title-heading title-heading-center\" style=\"margin:0;\">Pr\u00edklady projektov<\/h4><\/div><div class=\"fusion-text fusion-text-3\"><ul>\n<li>Porovn\u00e1vanie Excelov navz\u00e1jom, h\u013eadanie zh\u00f4d alebo nezh\u00f4d<\/li>\n<li>Spracovanie PDF zaslan\u00fdch partnerom<\/li>\n<li>Vypracovanie reportov na dennej a\u017e mesa\u010dnej b\u00e1ze<\/li>\n<li>Vypracovanie obchodn\u00fdch a mana\u017e\u00e9rskych preh\u013eadov<\/li>\n<li>Vypracovanie mesa\u010dn\u00fdch v\u00fdplatn\u00fdch p\u00e1sok<\/li>\n<li>Spracovanie vstupov zo strojov a h\u013eadanie odch\u00fdlok<\/li>\n<li>Generovanie vstupov do in\u00fdch programov<\/li>\n<\/ul>\n<\/div><div class=\"fusion-clearfix\"><\/div><\/div><\/div><\/div><\/div><div class=\"fusion-fullwidth fullwidth-box fusion-builder-row-3 nonhundred-percent-fullwidth non-hundred-percent-height-scrolling\" style=\"--awb-border-radius-top-left:0px;--awb-border-radius-top-right:0px;--awb-border-radius-bottom-right:0px;--awb-border-radius-bottom-left:0px;--awb-padding-top:50px;--awb-padding-bottom:50px;--awb-background-color:#f5f5f5;--awb-flex-wrap:wrap;\" ><div class=\"fusion-builder-row fusion-row\"><div class=\"fusion-layout-column fusion_builder_column fusion-builder-column-4 fusion_builder_column_1_1 1_1 fusion-one-full fusion-column-first fusion-column-last fusion-animated\" style=\"--awb-bg-size:cover;\" data-animationType=\"fadeInLeft\" data-animationDuration=\"0.3\" data-animationOffset=\"top-into-view\"><div class=\"fusion-column-wrapper fusion-column-has-shadow fusion-flex-column-wrapper-legacy\"><div class=\"fusion-title title fusion-title-4 fusion-sep-none fusion-title-center fusion-title-text fusion-title-size-four\" style=\"--awb-text-color:#ff00ff;--awb-margin-bottom:10px;\"><h4 class=\"fusion-title-heading title-heading-center\" style=\"margin:0;\">WISE<\/h4><\/div><div class=\"fusion-title title fusion-title-5 fusion-sep-none fusion-title-center fusion-title-text fusion-title-size-one\"><h1 class=\"fusion-title-heading title-heading-center\" style=\"margin:0;\">Vyu\u017e\u00edvame to najlep\u0161ie z oboch svetov<\/h1><\/div><div class=\"fusion-clearfix\"><\/div><\/div><\/div><div class=\"fusion-layout-column fusion_builder_column fusion-builder-column-5 fusion_builder_column_1_2 1_2 fusion-one-half fusion-column-first fusion-animated\" style=\"--awb-bg-size:cover;width:50%;width:calc(50% - ( ( 4% ) * 0.5 ) );margin-right: 4%;\" data-animationType=\"fadeInLeft\" data-animationDuration=\"0.3\" data-animationOffset=\"top-into-view\"><div class=\"fusion-column-wrapper fusion-column-has-shadow fusion-flex-column-wrapper-legacy\"><div class=\"accordian fusion-accordian\" style=\"--awb-border-size:1px;--awb-icon-size:13px;--awb-content-font-size:14px;--awb-icon-alignment:left;--awb-hover-color:#f9f9f9;--awb-border-color:#cccccc;--awb-background-color:#ffffff;--awb-divider-color:#e0dede;--awb-divider-hover-color:#e0dede;--awb-icon-color:#ffffff;--awb-title-color:#01018a;--awb-content-color:#282828;--awb-icon-box-color:#333333;--awb-toggle-hover-accent-color:#151668;--awb-title-font-family:&quot;Poppins&quot;;--awb-title-font-weight:600;--awb-title-font-style:normal;--awb-title-line-height:1.5;--awb-content-font-family:&quot;Poppins&quot;;--awb-content-font-style:normal;--awb-content-font-weight:400;\"><div class=\"panel-group fusion-toggle-icon-boxed\" id=\"accordion-589-1\"><div class=\"fusion-panel panel-default panel-8086462f0cf8cb76d fusion-toggle-no-divider\"><div class=\"panel-heading\"><h4 class=\"panel-title toggle\" id=\"toggle_8086462f0cf8cb76d\"><a class=\"active\" aria-expanded=\"true\" aria-controls=\"8086462f0cf8cb76d\" role=\"button\" data-toggle=\"collapse\" data-parent=\"#accordion-589-1\" data-target=\"#8086462f0cf8cb76d\" href=\"#8086462f0cf8cb76d\"><span class=\"fusion-toggle-icon-wrapper\" aria-hidden=\"true\"><i class=\"fa-fusion-box active-icon awb-icon-minus\" aria-hidden=\"true\"><\/i><i class=\"fa-fusion-box inactive-icon awb-icon-plus\" aria-hidden=\"true\"><\/i><\/span><span class=\"fusion-toggle-heading\">Technol\u00f3gie<\/span><\/a><\/h4><\/div><div id=\"8086462f0cf8cb76d\" class=\"panel-collapse collapse in\" aria-labelledby=\"toggle_8086462f0cf8cb76d\"><div class=\"panel-body toggle-content fusion-clearfix\">\n<ul>\n<li><strong>Excel VBA (Makr\u00e1)<\/strong>\n<ul>\n<li>Na na\u010d\u00edtavanie, spracovanie a generovanie s\u00faborov<\/li>\n<\/ul>\n<\/li>\n<li><strong>Power Query a Power Pivot<\/strong>\n<ul>\n<li>Pre d\u00e1tov\u00fa analytiku<\/li>\n<\/ul>\n<\/li>\n<\/ul>\n<\/div><\/div><\/div><div class=\"fusion-panel panel-default panel-efcb0902702735b1e fusion-toggle-no-divider\"><div class=\"panel-heading\"><h4 class=\"panel-title toggle\" id=\"toggle_efcb0902702735b1e\"><a aria-expanded=\"false\" aria-controls=\"efcb0902702735b1e\" role=\"button\" data-toggle=\"collapse\" data-parent=\"#accordion-589-1\" data-target=\"#efcb0902702735b1e\" href=\"#efcb0902702735b1e\"><span class=\"fusion-toggle-icon-wrapper\" aria-hidden=\"true\"><i class=\"fa-fusion-box active-icon awb-icon-minus\" aria-hidden=\"true\"><\/i><i class=\"fa-fusion-box inactive-icon awb-icon-plus\" aria-hidden=\"true\"><\/i><\/span><span class=\"fusion-toggle-heading\">Ako funguje Wise<\/span><\/a><\/h4><\/div><div id=\"efcb0902702735b1e\" class=\"panel-collapse collapse \" aria-labelledby=\"toggle_efcb0902702735b1e\"><div class=\"panel-body toggle-content fusion-clearfix\">\n<ul>\n<li>M\u00e1me predpripraven\u00e9 k\u00f3dy vo VBA<\/li>\n<li>M\u00e1me hlbok\u00e9 znalosti v Power Query a Power Pivot<\/li>\n<li>-&gt; Program sklad\u00e1me ako sklada\u010dku<\/li>\n<\/ul>\n<\/div><\/div><\/div><div class=\"fusion-panel panel-default panel-4e07f45dcf4065007 fusion-toggle-no-divider\"><div class=\"panel-heading\"><h4 class=\"panel-title toggle\" id=\"toggle_4e07f45dcf4065007\"><a aria-expanded=\"false\" aria-controls=\"4e07f45dcf4065007\" role=\"button\" data-toggle=\"collapse\" data-parent=\"#accordion-589-1\" data-target=\"#4e07f45dcf4065007\" href=\"#4e07f45dcf4065007\"><span class=\"fusion-toggle-icon-wrapper\" aria-hidden=\"true\"><i class=\"fa-fusion-box active-icon awb-icon-minus\" aria-hidden=\"true\"><\/i><i class=\"fa-fusion-box inactive-icon awb-icon-plus\" aria-hidden=\"true\"><\/i><\/span><span class=\"fusion-toggle-heading\">V\u00fdhody<\/span><\/a><\/h4><\/div><div id=\"4e07f45dcf4065007\" class=\"panel-collapse collapse \" aria-labelledby=\"toggle_4e07f45dcf4065007\"><div class=\"panel-body toggle-content fusion-clearfix\">\n<ul>\n<li>R\u00fdchle vytvorenie programu<\/li>\n<li>\u013dahk\u00e1 \u00fadr\u017eba VBA k\u00f3du<\/li>\n<li>\u013dahk\u00e1 \u00faprava Power Query a Power Pivot<\/li>\n<li>-&gt; M\u00e1te kvalitn\u00fa automatiz\u00e1ciu za rozumn\u00fa cenu<\/li>\n<\/ul>\n<\/div><\/div><\/div><div class=\"fusion-panel panel-default panel-e595ffe1744709345 fusion-toggle-no-divider\"><div class=\"panel-heading\"><h4 class=\"panel-title toggle\" id=\"toggle_e595ffe1744709345\"><a aria-expanded=\"false\" aria-controls=\"e595ffe1744709345\" role=\"button\" data-toggle=\"collapse\" data-parent=\"#accordion-589-1\" data-target=\"#e595ffe1744709345\" href=\"#e595ffe1744709345\"><span class=\"fusion-toggle-icon-wrapper\" aria-hidden=\"true\"><i class=\"fa-fusion-box active-icon awb-icon-minus\" aria-hidden=\"true\"><\/i><i class=\"fa-fusion-box inactive-icon awb-icon-plus\" aria-hidden=\"true\"><\/i><\/span><span class=\"fusion-toggle-heading\">Postup automatiz\u00e1cie<\/span><\/a><\/h4><\/div><div id=\"e595ffe1744709345\" class=\"panel-collapse collapse \" aria-labelledby=\"toggle_e595ffe1744709345\"><div class=\"panel-body toggle-content fusion-clearfix\">\n<ul>\n<li>\u00davodn\u00e1 konzult\u00e1cia\n<ul>\n<li>Kde zist\u00edme, \u010do potrebujete<\/li>\n<\/ul>\n<\/li>\n<li>Z\u00edskanie d\u00e1t a vytvorenie automatiz\u00e1cie<\/li>\n<li>Testovanie rie\u0161enia a jeho doladenie<\/li>\n<li>Pravideln\u00e1 \u00fadr\u017eba reportu\n<ul>\n<li>V pr\u00edpade v\u00e4\u010d\u0161\u00edch reportov<\/li>\n<\/ul>\n<\/li>\n<\/ul>\n<\/div><\/div><\/div><\/div><\/div><div class=\"fusion-clearfix\"><\/div><\/div><\/div><div class=\"fusion-layout-column fusion_builder_column fusion-builder-column-6 fusion_builder_column_1_2 1_2 fusion-one-half fusion-column-last fusion-animated\" style=\"--awb-bg-size:cover;width:50%;width:calc(50% - ( ( 4% ) * 0.5 ) );\" data-animationType=\"fadeInRight\" data-animationDuration=\"0.3\" data-animationOffset=\"top-into-view\"><div class=\"fusion-column-wrapper fusion-column-has-shadow fusion-flex-column-wrapper-legacy\"><div class=\"fusion-image-element fusion-image-align-center in-legacy-container\" style=\"text-align:center;--awb-caption-title-font-family:var(--h2_typography-font-family);--awb-caption-title-font-weight:var(--h2_typography-font-weight);--awb-caption-title-font-style:var(--h2_typography-font-style);--awb-caption-title-size:var(--h2_typography-font-size);--awb-caption-title-transform:var(--h2_typography-text-transform);--awb-caption-title-line-height:var(--h2_typography-line-height);--awb-caption-title-letter-spacing:var(--h2_typography-letter-spacing);\"><div class=\"imageframe-align-center\"><span class=\" fusion-imageframe imageframe-none imageframe-2 hover-type-none\"><a href=\"http:\/\/disruptivne.com\/wp-content\/uploads\/2019\/10\/mockup-wise.png\" class=\"fusion-lightbox\" data-rel=\"iLightbox[b877f48d270e7efcadb]\" data-title=\"mockup wise\" title=\"mockup wise\"><img decoding=\"async\" width=\"1110\" height=\"598\" src=\"http:\/\/disruptivne.com\/wp-content\/uploads\/2019\/10\/mockup-wise.png\" alt class=\"img-responsive wp-image-452\" srcset=\"https:\/\/disruptivne.com\/wp-content\/uploads\/2019\/10\/mockup-wise-200x108.png 200w, https:\/\/disruptivne.com\/wp-content\/uploads\/2019\/10\/mockup-wise-400x215.png 400w, https:\/\/disruptivne.com\/wp-content\/uploads\/2019\/10\/mockup-wise-600x323.png 600w, https:\/\/disruptivne.com\/wp-content\/uploads\/2019\/10\/mockup-wise-800x431.png 800w, https:\/\/disruptivne.com\/wp-content\/uploads\/2019\/10\/mockup-wise.png 1110w\" sizes=\"(max-width: 900px) 100vw, 600px\" \/><\/a><\/span><\/div><\/div><div class=\"fusion-clearfix\"><\/div><\/div><\/div><\/div><\/div><div class=\"fusion-bg-parallax\" data-bg-align=\"center center\" data-direction=\"up\" data-mute=\"false\" data-opacity=\"100\" data-velocity=\"-0.3\" data-mobile-enabled=\"false\" data-break_parents=\"0\" data-bg-image=\"http:\/\/disruptivne.com\/wp-content\/uploads\/2019\/08\/bg-breadcrumb-blue.jpg\" data-bg-repeat=\"false\" data-bg-color=\"#151567\" ><\/div><div class=\"fusion-fullwidth fullwidth-box fusion-builder-row-4 fusion-parallax-up nonhundred-percent-fullwidth non-hundred-percent-height-scrolling\" style=\"--awb-border-radius-top-left:0px;--awb-border-radius-top-right:0px;--awb-border-radius-bottom-right:0px;--awb-border-radius-bottom-left:0px;--awb-padding-top:40px;--awb-padding-bottom:20px;--awb-background-color:#151567;--awb-background-image:url(&quot;http:\/\/disruptivne.com\/wp-content\/uploads\/2019\/08\/bg-breadcrumb-blue.jpg&quot;);--awb-background-size:cover;--awb-flex-wrap:wrap;\" ><div class=\"fusion-builder-row fusion-row\"><div class=\"fusion-layout-column fusion_builder_column fusion-builder-column-7 fusion_builder_column_3_4 3_4 fusion-three-fourth fusion-column-first fusion-animated\" style=\"--awb-bg-size:cover;width:75%;width:calc(75% - ( ( 4% ) * 0.75 ) );margin-right: 4%;\" data-animationType=\"fadeInUp\" data-animationDuration=\"0.5\" data-animationOffset=\"top-into-view\"><div class=\"fusion-column-wrapper fusion-column-has-shadow fusion-flex-column-wrapper-legacy\"><div class=\"fusion-title title fusion-title-6 fusion-sep-none fusion-title-text fusion-title-size-two\" style=\"--awb-text-color:#ffffff;--awb-margin-bottom:0px;\"><h2 class=\"fusion-title-heading title-heading-left\" style=\"margin:0;\">Skontaktujte n\u00e1s a zistite, ako V\u00e1m vieme pom\u00f4c\u0165<\/h2><\/div><div class=\"fusion-clearfix\"><\/div><\/div><\/div><div class=\"fusion-layout-column fusion_builder_column fusion-builder-column-8 fusion_builder_column_1_4 1_4 fusion-one-fourth fusion-column-last fusion-animated\" style=\"--awb-bg-size:cover;width:25%;width:calc(25% - ( ( 4% ) * 0.25 ) );\" data-animationType=\"fadeInUp\" data-animationDuration=\"0.5\" data-animationOffset=\"top-into-view\"><div class=\"fusion-column-wrapper fusion-column-has-shadow fusion-flex-column-wrapper-legacy\"><div class=\"fusion-button-wrapper\"><a class=\"fusion-button button-flat fusion-button-default-size button-default fusion-button-default button-4 fusion-button-default-span fusion-button-default-type\" target=\"_self\" href=\"https:\/\/disruptivne.com\/sk\/kontakt\/\"><span class=\"fusion-button-text\">Kontakt<\/span><\/a><\/div><div class=\"fusion-clearfix\"><\/div><\/div><\/div><\/div><\/div>\n\n<\/p>\n","protected":false},"excerpt":{"rendered":"","protected":false},"author":1,"featured_media":0,"parent":472,"menu_order":0,"comment_status":"closed","ping_status":"closed","template":"100-width.php","meta":{"footnotes":""},"yoast_head":"<!-- This site is optimized with the Yoast SEO plugin v22.8 - https:\/\/yoast.com\/wordpress\/plugins\/seo\/ -->\n<title>Wise - disruptivne.com<\/title>\n<meta name=\"robots\" content=\"index, follow, max-snippet:-1, max-image-preview:large, max-video-preview:-1\" \/>\n<link rel=\"canonical\" href=\"https:\/\/disruptivne.com\/sk\/nase-riesenia\/it\/wise\/\" \/>\n<meta property=\"og:locale\" content=\"sk_SK\" \/>\n<meta property=\"og:type\" content=\"article\" \/>\n<meta property=\"og:title\" content=\"Wise - disruptivne.com\" \/>\n<meta property=\"og:url\" content=\"https:\/\/disruptivne.com\/sk\/nase-riesenia\/it\/wise\/\" \/>\n<meta property=\"og:site_name\" content=\"disruptivne.com\" \/>\n<meta property=\"article:modified_time\" content=\"2019-11-27T23:16:17+00:00\" \/>\n<meta name=\"twitter:card\" content=\"summary_large_image\" \/>\n<meta name=\"twitter:label1\" content=\"Predpokladan\u00fd \u010das \u010d\u00edtania\" \/>\n\t<meta name=\"twitter:data1\" content=\"13 min\u00fat\" \/>\n<script type=\"application\/ld+json\" class=\"yoast-schema-graph\">{\"@context\":\"https:\/\/schema.org\",\"@graph\":[{\"@type\":\"WebPage\",\"@id\":\"https:\/\/disruptivne.com\/sk\/nase-riesenia\/it\/wise\/\",\"url\":\"https:\/\/disruptivne.com\/sk\/nase-riesenia\/it\/wise\/\",\"name\":\"Wise - disruptivne.com\",\"isPartOf\":{\"@id\":\"https:\/\/disruptivne.com\/sk\/#website\"},\"datePublished\":\"2019-11-27T23:16:12+00:00\",\"dateModified\":\"2019-11-27T23:16:17+00:00\",\"breadcrumb\":{\"@id\":\"https:\/\/disruptivne.com\/sk\/nase-riesenia\/it\/wise\/#breadcrumb\"},\"inLanguage\":\"sk-SK\",\"potentialAction\":[{\"@type\":\"ReadAction\",\"target\":[\"https:\/\/disruptivne.com\/sk\/nase-riesenia\/it\/wise\/\"]}]},{\"@type\":\"BreadcrumbList\",\"@id\":\"https:\/\/disruptivne.com\/sk\/nase-riesenia\/it\/wise\/#breadcrumb\",\"itemListElement\":[{\"@type\":\"ListItem\",\"position\":1,\"name\":\"Home\",\"item\":\"https:\/\/disruptivne.com\/sk\/\"},{\"@type\":\"ListItem\",\"position\":2,\"name\":\"Na\u0161e rie\u0161enia\",\"item\":\"https:\/\/disruptivne.com\/sk\/our-solutions\/\"},{\"@type\":\"ListItem\",\"position\":3,\"name\":\"IT\",\"item\":\"https:\/\/disruptivne.com\/sk\/our-solutions\/it\/\"},{\"@type\":\"ListItem\",\"position\":4,\"name\":\"Wise\"}]},{\"@type\":\"WebSite\",\"@id\":\"https:\/\/disruptivne.com\/sk\/#website\",\"url\":\"https:\/\/disruptivne.com\/sk\/\",\"name\":\"disruptivne.com\",\"description\":\"\",\"potentialAction\":[{\"@type\":\"SearchAction\",\"target\":{\"@type\":\"EntryPoint\",\"urlTemplate\":\"https:\/\/disruptivne.com\/sk\/?s={search_term_string}\"},\"query-input\":\"required name=search_term_string\"}],\"inLanguage\":\"sk-SK\"}]}<\/script>\n<!-- \/ Yoast SEO plugin. -->","yoast_head_json":{"title":"Wise - disruptivne.com","robots":{"index":"index","follow":"follow","max-snippet":"max-snippet:-1","max-image-preview":"max-image-preview:large","max-video-preview":"max-video-preview:-1"},"canonical":"https:\/\/disruptivne.com\/sk\/nase-riesenia\/it\/wise\/","og_locale":"sk_SK","og_type":"article","og_title":"Wise - disruptivne.com","og_url":"https:\/\/disruptivne.com\/sk\/nase-riesenia\/it\/wise\/","og_site_name":"disruptivne.com","article_modified_time":"2019-11-27T23:16:17+00:00","twitter_card":"summary_large_image","twitter_misc":{"Predpokladan\u00fd \u010das \u010d\u00edtania":"13 min\u00fat"},"schema":{"@context":"https:\/\/schema.org","@graph":[{"@type":"WebPage","@id":"https:\/\/disruptivne.com\/sk\/nase-riesenia\/it\/wise\/","url":"https:\/\/disruptivne.com\/sk\/nase-riesenia\/it\/wise\/","name":"Wise - disruptivne.com","isPartOf":{"@id":"https:\/\/disruptivne.com\/sk\/#website"},"datePublished":"2019-11-27T23:16:12+00:00","dateModified":"2019-11-27T23:16:17+00:00","breadcrumb":{"@id":"https:\/\/disruptivne.com\/sk\/nase-riesenia\/it\/wise\/#breadcrumb"},"inLanguage":"sk-SK","potentialAction":[{"@type":"ReadAction","target":["https:\/\/disruptivne.com\/sk\/nase-riesenia\/it\/wise\/"]}]},{"@type":"BreadcrumbList","@id":"https:\/\/disruptivne.com\/sk\/nase-riesenia\/it\/wise\/#breadcrumb","itemListElement":[{"@type":"ListItem","position":1,"name":"Home","item":"https:\/\/disruptivne.com\/sk\/"},{"@type":"ListItem","position":2,"name":"Na\u0161e rie\u0161enia","item":"https:\/\/disruptivne.com\/sk\/our-solutions\/"},{"@type":"ListItem","position":3,"name":"IT","item":"https:\/\/disruptivne.com\/sk\/our-solutions\/it\/"},{"@type":"ListItem","position":4,"name":"Wise"}]},{"@type":"WebSite","@id":"https:\/\/disruptivne.com\/sk\/#website","url":"https:\/\/disruptivne.com\/sk\/","name":"disruptivne.com","description":"","potentialAction":[{"@type":"SearchAction","target":{"@type":"EntryPoint","urlTemplate":"https:\/\/disruptivne.com\/sk\/?s={search_term_string}"},"query-input":"required name=search_term_string"}],"inLanguage":"sk-SK"}]}},"_links":{"self":[{"href":"https:\/\/disruptivne.com\/sk\/wp-json\/wp\/v2\/pages\/589"}],"collection":[{"href":"https:\/\/disruptivne.com\/sk\/wp-json\/wp\/v2\/pages"}],"about":[{"href":"https:\/\/disruptivne.com\/sk\/wp-json\/wp\/v2\/types\/page"}],"author":[{"embeddable":true,"href":"https:\/\/disruptivne.com\/sk\/wp-json\/wp\/v2\/users\/1"}],"replies":[{"embeddable":true,"href":"https:\/\/disruptivne.com\/sk\/wp-json\/wp\/v2\/comments?post=589"}],"version-history":[{"count":2,"href":"https:\/\/disruptivne.com\/sk\/wp-json\/wp\/v2\/pages\/589\/revisions"}],"predecessor-version":[{"id":593,"href":"https:\/\/disruptivne.com\/sk\/wp-json\/wp\/v2\/pages\/589\/revisions\/593"}],"up":[{"embeddable":true,"href":"https:\/\/disruptivne.com\/sk\/wp-json\/wp\/v2\/pages\/472"}],"wp:attachment":[{"href":"https:\/\/disruptivne.com\/sk\/wp-json\/wp\/v2\/media?parent=589"}],"curies":[{"name":"wp","href":"https:\/\/api.w.org\/{rel}","templated":true}]}}